{"id":276,"date":"2022-10-06T12:59:11","date_gmt":"2022-10-06T10:59:11","guid":{"rendered":"https:\/\/verlani.com\/?page_id=276"},"modified":"2025-04-09T11:48:26","modified_gmt":"2025-04-09T09:48:26","slug":"oferta","status":"publish","type":"page","link":"https:\/\/verlani.com\/de\/oferta\/","title":{"rendered":"Angebot"},"content":{"rendered":"<style>#kt-layout-id_47a27d-e4 > .kt-row-column-wrap{align-content:start;}:where(#kt-layout-id_47a27d-e4 > .kt-row-column-wrap) > .wp-block-kadence-column{justify-content:start;}#kt-layout-id_47a27d-e4 > .kt-row-column-wrap{column-gap:var(--global-kb-gap-md, 2rem);row-gap:var(--global-kb-gap-md, 2rem);padding-top:var( --global-kb-row-default-top, 25px );padding-bottom:var( --global-kb-row-default-bottom, 25px );padding-top:var(--global-kb-spacing-sm, 1.5rem);padding-bottom:var(--global-kb-spacing-sm, 1.5rem);}#kt-layout-id_47a27d-e4 > .kt-row-column-wrap > div:not(.added-for-specificity){grid-column:initial;}#kt-layout-id_47a27d-e4 > .kt-row-column-wrap{grid-template-columns:repeat(5, minmax(0, 1fr));}#kt-layout-id_47a27d-e4 > .kt-row-layout-overlay{opacity:0.30;}@media all and (max-width: 1024px){#kt-layout-id_47a27d-e4 > .kt-row-column-wrap > div:not(.added-for-specificity){grid-column:initial;}}@media all and (max-width: 1024px){#kt-layout-id_47a27d-e4 > .kt-row-column-wrap{grid-template-columns:repeat(5, minmax(0, 1fr));}}@media all and (max-width: 767px){#kt-layout-id_47a27d-e4 > .kt-row-column-wrap > div:not(.added-for-specificity){grid-column:initial;}#kt-layout-id_47a27d-e4 > .kt-row-column-wrap{grid-template-columns:minmax(0, 1fr);}}<\/style>\n<div class=\"wp-block-kadence-rowlayout alignnone\"><div id=\"kt-layout-id_47a27d-e4\" class=\"kt-row-layout-inner kt-layout-id_47a27d-e4\"><div class=\"kt-row-column-wrap kt-has-5-columns kt-gutter-default kt-v-gutter-default kt-row-valign-top kt-row-layout-equal kt-tab-layout-inherit kt-m-colapse-left-to-right kt-mobile-layout-row\"><style>.kadence-column_55bee0-d3 > .kt-inside-inner-col{border-top-width:0px;border-right-width:0px;border-bottom-width:0px;border-left-width:0px;}.kadence-column_55bee0-d3 > .kt-inside-inner-col,.kadence-column_55bee0-d3 > .kt-inside-inner-col:before{border-top-left-radius:0px;border-top-right-radius:0px;border-bottom-right-radius:0px;border-bottom-left-radius:0px;}.kadence-column_55bee0-d3 > .kt-inside-inner-col{column-gap:var(--global-kb-gap-sm, 1rem);}.kadence-column_55bee0-d3 > .kt-inside-inner-col{flex-direction:column;}.kadence-column_55bee0-d3 > .kt-inside-inner-col > .aligncenter{width:100%;}.kadence-column_55bee0-d3 > .kt-inside-inner-col:before{opacity:0.3;}.kadence-column_55bee0-d3{position:relative;}@media all and (max-width: 1024px){.kadence-column_55bee0-d3 > .kt-inside-inner-col{flex-direction:column;justify-content:center;}}@media all and (max-width: 767px){.kadence-column_55bee0-d3 > .kt-inside-inner-col{flex-direction:column;justify-content:center;}}<\/style>\n<div class=\"wp-block-kadence-column inner-column-1 kadence-column_55bee0-d3\"><div class=\"kt-inside-inner-col\"><div class=\"wp-block-image\">\n<figure class=\"aligncenter size-full\"><a href=\"https:\/\/verlani.com\/meble-kuchenne\/\"><img loading=\"lazy\" decoding=\"async\" width=\"500\" height=\"375\" src=\"https:\/\/verlani.com\/wp-content\/uploads\/2022\/09\/meble_kuchenne.jpg\" alt=\"\" class=\"wp-image-198\"\/><\/a><\/figure>\n<\/div>\n\n\n<h3 style=\"text-align: center;\">K\u00dcCHENM\u00d6GEL<\/h3>\n<\/div><\/div>\n\n\n<style>.kadence-column_9eb8d4-82 > .kt-inside-inner-col{border-top-width:0px;border-right-width:0px;border-bottom-width:0px;border-left-width:0px;}.kadence-column_9eb8d4-82 > .kt-inside-inner-col,.kadence-column_9eb8d4-82 > .kt-inside-inner-col:before{border-top-left-radius:0px;border-top-right-radius:0px;border-bottom-right-radius:0px;border-bottom-left-radius:0px;}.kadence-column_9eb8d4-82 > .kt-inside-inner-col{column-gap:var(--global-kb-gap-sm, 1rem);}.kadence-column_9eb8d4-82 > .kt-inside-inner-col{flex-direction:column;}.kadence-column_9eb8d4-82 > .kt-inside-inner-col > .aligncenter{width:100%;}.kadence-column_9eb8d4-82 > .kt-inside-inner-col:before{opacity:0.3;}.kadence-column_9eb8d4-82{position:relative;}@media all and (max-width: 1024px){.kadence-column_9eb8d4-82 > .kt-inside-inner-col{flex-direction:column;justify-content:center;}}@media all and (max-width: 767px){.kadence-column_9eb8d4-82 > .kt-inside-inner-col{flex-direction:column;justify-content:center;}}<\/style>\n<div class=\"wp-block-kadence-column inner-column-2 kadence-column_9eb8d4-82\"><div class=\"kt-inside-inner-col\"><div class=\"wp-block-image\">\n<figure class=\"aligncenter size-full\"><a href=\"https:\/\/verlani.com\/szafy-wnekowe\/\"><img loading=\"lazy\" decoding=\"async\" width=\"500\" height=\"375\" src=\"https:\/\/verlani.com\/wp-content\/uploads\/2022\/09\/szafy.jpg\" alt=\"\" class=\"wp-image-200\"\/><\/a><\/figure>\n<\/div>\n\n\n<h3 style=\"text-align: center;\">WANDSCHR\u00c4NKE<\/h3>\n<\/div><\/div>\n\n\n<style>.kadence-column_82af0b-4e > .kt-inside-inner-col{border-top-width:0px;border-right-width:0px;border-bottom-width:0px;border-left-width:0px;}.kadence-column_82af0b-4e > .kt-inside-inner-col,.kadence-column_82af0b-4e > .kt-inside-inner-col:before{border-top-left-radius:0px;border-top-right-radius:0px;border-bottom-right-radius:0px;border-bottom-left-radius:0px;}.kadence-column_82af0b-4e > .kt-inside-inner-col{column-gap:var(--global-kb-gap-sm, 1rem);}.kadence-column_82af0b-4e > .kt-inside-inner-col{flex-direction:column;}.kadence-column_82af0b-4e > .kt-inside-inner-col > .aligncenter{width:100%;}.kadence-column_82af0b-4e > .kt-inside-inner-col:before{opacity:0.3;}.kadence-column_82af0b-4e{position:relative;}@media all and (max-width: 1024px){.kadence-column_82af0b-4e > .kt-inside-inner-col{flex-direction:column;justify-content:center;}}@media all and (max-width: 767px){.kadence-column_82af0b-4e > .kt-inside-inner-col{flex-direction:column;justify-content:center;}}<\/style>\n<div class=\"wp-block-kadence-column inner-column-3 kadence-column_82af0b-4e\"><div class=\"kt-inside-inner-col\"><div class=\"wp-block-image\">\n<figure class=\"aligncenter size-full\"><a href=\"https:\/\/verlani.com\/blaty-kwarcowe\/\"><img loading=\"lazy\" decoding=\"async\" width=\"500\" height=\"375\" src=\"https:\/\/verlani.com\/wp-content\/uploads\/2022\/12\/blaty-min.jpg\" alt=\"\" class=\"wp-image-1974\"\/><\/a><\/figure>\n<\/div>\n\n\n<h3 style=\"text-align: center;\">QUARZPLATTEN<\/h3>\n<\/div><\/div>\n\n\n<style>.kadence-column_d85881-ae > .kt-inside-inner-col{border-top-width:0px;border-right-width:0px;border-bottom-width:0px;border-left-width:0px;}.kadence-column_d85881-ae > .kt-inside-inner-col,.kadence-column_d85881-ae > .kt-inside-inner-col:before{border-top-left-radius:0px;border-top-right-radius:0px;border-bottom-right-radius:0px;border-bottom-left-radius:0px;}.kadence-column_d85881-ae > .kt-inside-inner-col{column-gap:var(--global-kb-gap-sm, 1rem);}.kadence-column_d85881-ae > .kt-inside-inner-col{flex-direction:column;}.kadence-column_d85881-ae > .kt-inside-inner-col > .aligncenter{width:100%;}.kadence-column_d85881-ae > .kt-inside-inner-col:before{opacity:0.3;}.kadence-column_d85881-ae{position:relative;}@media all and (max-width: 1024px){.kadence-column_d85881-ae > .kt-inside-inner-col{flex-direction:column;justify-content:center;}}@media all and (max-width: 767px){.kadence-column_d85881-ae > .kt-inside-inner-col{flex-direction:column;justify-content:center;}}<\/style>\n<div class=\"wp-block-kadence-column inner-column-4 kadence-column_d85881-ae\"><div class=\"kt-inside-inner-col\"><div class=\"wp-block-image\">\n<figure class=\"aligncenter size-full\"><a href=\"https:\/\/verlani.com\/meble-na-wymiar\/\"><img loading=\"lazy\" decoding=\"async\" width=\"500\" height=\"375\" src=\"https:\/\/verlani.com\/wp-content\/uploads\/2022\/09\/calligaris.jpg\" alt=\"\" class=\"wp-image-202\"\/><\/a><\/figure>\n<\/div>\n\n\n<h3 style=\"text-align: center;\">M\u00d6BEL NACH MA\u00df<\/h3>\n<\/div><\/div>\n\n\n<style>.kadence-column_0c7c82-a7 > .kt-inside-inner-col{border-top-width:0px;border-right-width:0px;border-bottom-width:0px;border-left-width:0px;}.kadence-column_0c7c82-a7 > .kt-inside-inner-col,.kadence-column_0c7c82-a7 > .kt-inside-inner-col:before{border-top-left-radius:0px;border-top-right-radius:0px;border-bottom-right-radius:0px;border-bottom-left-radius:0px;}.kadence-column_0c7c82-a7 > .kt-inside-inner-col{column-gap:var(--global-kb-gap-sm, 1rem);}.kadence-column_0c7c82-a7 > .kt-inside-inner-col{flex-direction:column;}.kadence-column_0c7c82-a7 > .kt-inside-inner-col > .aligncenter{width:100%;}.kadence-column_0c7c82-a7 > .kt-inside-inner-col:before{opacity:0.3;}.kadence-column_0c7c82-a7{position:relative;}@media all and (max-width: 1024px){.kadence-column_0c7c82-a7 > .kt-inside-inner-col{flex-direction:column;justify-content:center;}}@media all and (max-width: 767px){.kadence-column_0c7c82-a7 > .kt-inside-inner-col{flex-direction:column;justify-content:center;}}<\/style>\n<div class=\"wp-block-kadence-column inner-column-5 kadence-column_0c7c82-a7\"><div class=\"kt-inside-inner-col\"><div class=\"wp-block-image\">\n<figure class=\"aligncenter size-full\"><a href=\"https:\/\/verlani.com\/meble-calligaris\/\"><img loading=\"lazy\" decoding=\"async\" width=\"500\" height=\"375\" src=\"https:\/\/verlani.com\/wp-content\/uploads\/2022\/09\/calligaris.jpg\" alt=\"\" class=\"wp-image-202\"\/><\/a><\/figure>\n<\/div>\n\n\n<h3 style=\"text-align: center;\">CALLIGARIS M\u00d6BEL<\/h3>\n\n\n\n<ul class=\"wp-block-list\"><\/ul>\n<\/div><\/div>\n<\/div><\/div><\/div>","protected":false},"excerpt":{"rendered":"<p>K\u00dcCHENM\u00d6GEL WANDSCHR\u00c4NKE QUARZPLATTEN M\u00d6BEL NACH MA\u00df CALLIGARIS M\u00d6BEL<\/p>\n","protected":false},"author":2,"featured_media":2140,"parent":0,"menu_order":0,"comment_status":"closed","ping_status":"closed","template":"","meta":{"_acf_changed":false,"ngg_post_thumbnail":0,"footnotes":""},"class_list":["post-276","page","type-page","status-publish","has-post-thumbnail","hentry"],"acf":[],"yoast_head":"<!-- This site is optimized with the Yoast SEO plugin v27.3 - https:\/\/yoast.com\/product\/yoast-seo-wordpress\/ -->\n<title>Meble VERLANI \u2013 funkcjonalne wykorzystanie przestrzeni<\/title>\n<meta name=\"description\" content=\"Chcesz ca\u0142kowicie i w spos\u00f3b funkcjonalny wykorzysta\u0107 dost\u0119pn\u0105 przestrze\u0144 pomieszczenia? Zapraszamy do Verlani, gdzie wykonamy kompleksowo meble na zam\u00f3wienie.\" \/>\n<meta name=\"robots\" content=\"index, follow, max-snippet:-1, max-image-preview:large, max-video-preview:-1\" \/>\n<link rel=\"canonical\" href=\"https:\/\/verlani.com\/oferta\/\" \/>\n<meta property=\"og:locale\" content=\"de_DE\" \/>\n<meta property=\"og:type\" content=\"article\" \/>\n<meta property=\"og:title\" content=\"Meble VERLANI \u2013 funkcjonalne wykorzystanie przestrzeni\" \/>\n<meta property=\"og:description\" content=\"Chcesz ca\u0142kowicie i w spos\u00f3b funkcjonalny wykorzysta\u0107 dost\u0119pn\u0105 przestrze\u0144 pomieszczenia? Zapraszamy do Verlani, gdzie wykonamy kompleksowo meble na zam\u00f3wienie.\" \/>\n<meta property=\"og:url\" content=\"https:\/\/verlani.com\/oferta\/\" \/>\n<meta property=\"og:site_name\" content=\"Verlani\" \/>\n<meta property=\"article:modified_time\" content=\"2025-04-09T09:48:26+00:00\" \/>\n<meta property=\"og:image\" content=\"https:\/\/verlani.com\/wp-content\/uploads\/2023\/01\/pageheader_1.jpg\" \/>\n\t<meta property=\"og:image:width\" content=\"1400\" \/>\n\t<meta property=\"og:image:height\" content=\"235\" \/>\n\t<meta property=\"og:image:type\" content=\"image\/jpeg\" \/>\n<meta name=\"twitter:card\" content=\"summary_large_image\" \/>\n<script type=\"application\/ld+json\" class=\"yoast-schema-graph\">{\"@context\":\"https:\\\/\\\/schema.org\",\"@graph\":[{\"@type\":\"WebPage\",\"@id\":\"https:\\\/\\\/verlani.com\\\/oferta\\\/\",\"url\":\"https:\\\/\\\/verlani.com\\\/oferta\\\/\",\"name\":\"Meble VERLANI \u2013 funkcjonalne wykorzystanie przestrzeni\",\"isPartOf\":{\"@id\":\"https:\\\/\\\/verlani.com\\\/#website\"},\"primaryImageOfPage\":{\"@id\":\"https:\\\/\\\/verlani.com\\\/oferta\\\/#primaryimage\"},\"image\":{\"@id\":\"https:\\\/\\\/verlani.com\\\/oferta\\\/#primaryimage\"},\"thumbnailUrl\":\"https:\\\/\\\/verlani.com\\\/wp-content\\\/uploads\\\/2023\\\/01\\\/pageheader_1.jpg\",\"datePublished\":\"2022-10-06T10:59:11+00:00\",\"dateModified\":\"2025-04-09T09:48:26+00:00\",\"description\":\"Chcesz ca\u0142kowicie i w spos\u00f3b funkcjonalny wykorzysta\u0107 dost\u0119pn\u0105 przestrze\u0144 pomieszczenia? Zapraszamy do Verlani, gdzie wykonamy kompleksowo meble na zam\u00f3wienie.\",\"breadcrumb\":{\"@id\":\"https:\\\/\\\/verlani.com\\\/oferta\\\/#breadcrumb\"},\"inLanguage\":\"de\",\"potentialAction\":[{\"@type\":\"ReadAction\",\"target\":[\"https:\\\/\\\/verlani.com\\\/oferta\\\/\"]}]},{\"@type\":\"ImageObject\",\"inLanguage\":\"de\",\"@id\":\"https:\\\/\\\/verlani.com\\\/oferta\\\/#primaryimage\",\"url\":\"https:\\\/\\\/verlani.com\\\/wp-content\\\/uploads\\\/2023\\\/01\\\/pageheader_1.jpg\",\"contentUrl\":\"https:\\\/\\\/verlani.com\\\/wp-content\\\/uploads\\\/2023\\\/01\\\/pageheader_1.jpg\",\"width\":1400,\"height\":235},{\"@type\":\"BreadcrumbList\",\"@id\":\"https:\\\/\\\/verlani.com\\\/oferta\\\/#breadcrumb\",\"itemListElement\":[{\"@type\":\"ListItem\",\"position\":1,\"name\":\"Strona g\u0142\u00f3wna\",\"item\":\"https:\\\/\\\/verlani.com\\\/\"},{\"@type\":\"ListItem\",\"position\":2,\"name\":\"Co oferujemy w Verlani?\"}]},{\"@type\":\"WebSite\",\"@id\":\"https:\\\/\\\/verlani.com\\\/#website\",\"url\":\"https:\\\/\\\/verlani.com\\\/\",\"name\":\"Verlani\",\"description\":\"\",\"alternateName\":\"Meble kuchenne Verlani\",\"potentialAction\":[{\"@type\":\"SearchAction\",\"target\":{\"@type\":\"EntryPoint\",\"urlTemplate\":\"https:\\\/\\\/verlani.com\\\/?s={search_term_string}\"},\"query-input\":{\"@type\":\"PropertyValueSpecification\",\"valueRequired\":true,\"valueName\":\"search_term_string\"}}],\"inLanguage\":\"de\"}]}<\/script>\n<!-- \/ Yoast SEO plugin. -->","yoast_head_json":{"title":"Meble VERLANI \u2013 funkcjonalne wykorzystanie przestrzeni","description":"Chcesz ca\u0142kowicie i w spos\u00f3b funkcjonalny wykorzysta\u0107 dost\u0119pn\u0105 przestrze\u0144 pomieszczenia? Zapraszamy do Verlani, gdzie wykonamy kompleksowo meble na zam\u00f3wienie.","robots":{"index":"index","follow":"follow","max-snippet":"max-snippet:-1","max-image-preview":"max-image-preview:large","max-video-preview":"max-video-preview:-1"},"canonical":"https:\/\/verlani.com\/oferta\/","og_locale":"de_DE","og_type":"article","og_title":"Meble VERLANI \u2013 funkcjonalne wykorzystanie przestrzeni","og_description":"Chcesz ca\u0142kowicie i w spos\u00f3b funkcjonalny wykorzysta\u0107 dost\u0119pn\u0105 przestrze\u0144 pomieszczenia? Zapraszamy do Verlani, gdzie wykonamy kompleksowo meble na zam\u00f3wienie.","og_url":"https:\/\/verlani.com\/oferta\/","og_site_name":"Verlani","article_modified_time":"2025-04-09T09:48:26+00:00","og_image":[{"width":1400,"height":235,"url":"https:\/\/verlani.com\/wp-content\/uploads\/2023\/01\/pageheader_1.jpg","type":"image\/jpeg"}],"twitter_card":"summary_large_image","schema":{"@context":"https:\/\/schema.org","@graph":[{"@type":"WebPage","@id":"https:\/\/verlani.com\/oferta\/","url":"https:\/\/verlani.com\/oferta\/","name":"Meble VERLANI \u2013 funkcjonalne wykorzystanie przestrzeni","isPartOf":{"@id":"https:\/\/verlani.com\/#website"},"primaryImageOfPage":{"@id":"https:\/\/verlani.com\/oferta\/#primaryimage"},"image":{"@id":"https:\/\/verlani.com\/oferta\/#primaryimage"},"thumbnailUrl":"https:\/\/verlani.com\/wp-content\/uploads\/2023\/01\/pageheader_1.jpg","datePublished":"2022-10-06T10:59:11+00:00","dateModified":"2025-04-09T09:48:26+00:00","description":"Chcesz ca\u0142kowicie i w spos\u00f3b funkcjonalny wykorzysta\u0107 dost\u0119pn\u0105 przestrze\u0144 pomieszczenia? Zapraszamy do Verlani, gdzie wykonamy kompleksowo meble na zam\u00f3wienie.","breadcrumb":{"@id":"https:\/\/verlani.com\/oferta\/#breadcrumb"},"inLanguage":"de","potentialAction":[{"@type":"ReadAction","target":["https:\/\/verlani.com\/oferta\/"]}]},{"@type":"ImageObject","inLanguage":"de","@id":"https:\/\/verlani.com\/oferta\/#primaryimage","url":"https:\/\/verlani.com\/wp-content\/uploads\/2023\/01\/pageheader_1.jpg","contentUrl":"https:\/\/verlani.com\/wp-content\/uploads\/2023\/01\/pageheader_1.jpg","width":1400,"height":235},{"@type":"BreadcrumbList","@id":"https:\/\/verlani.com\/oferta\/#breadcrumb","itemListElement":[{"@type":"ListItem","position":1,"name":"Strona g\u0142\u00f3wna","item":"https:\/\/verlani.com\/"},{"@type":"ListItem","position":2,"name":"Co oferujemy w Verlani?"}]},{"@type":"WebSite","@id":"https:\/\/verlani.com\/#website","url":"https:\/\/verlani.com\/","name":"Verlani","description":"","alternateName":"Meble kuchenne Verlani","potentialAction":[{"@type":"SearchAction","target":{"@type":"EntryPoint","urlTemplate":"https:\/\/verlani.com\/?s={search_term_string}"},"query-input":{"@type":"PropertyValueSpecification","valueRequired":true,"valueName":"search_term_string"}}],"inLanguage":"de"}]}},"_links":{"self":[{"href":"https:\/\/verlani.com\/de\/wp-json\/wp\/v2\/pages\/276","targetHints":{"allow":["GET"]}}],"collection":[{"href":"https:\/\/verlani.com\/de\/wp-json\/wp\/v2\/pages"}],"about":[{"href":"https:\/\/verlani.com\/de\/wp-json\/wp\/v2\/types\/page"}],"author":[{"embeddable":true,"href":"https:\/\/verlani.com\/de\/wp-json\/wp\/v2\/users\/2"}],"replies":[{"embeddable":true,"href":"https:\/\/verlani.com\/de\/wp-json\/wp\/v2\/comments?post=276"}],"version-history":[{"count":40,"href":"https:\/\/verlani.com\/de\/wp-json\/wp\/v2\/pages\/276\/revisions"}],"predecessor-version":[{"id":2997,"href":"https:\/\/verlani.com\/de\/wp-json\/wp\/v2\/pages\/276\/revisions\/2997"}],"wp:featuredmedia":[{"embeddable":true,"href":"https:\/\/verlani.com\/de\/wp-json\/wp\/v2\/media\/2140"}],"wp:attachment":[{"href":"https:\/\/verlani.com\/de\/wp-json\/wp\/v2\/media?parent=276"}],"curies":[{"name":"wp","href":"https:\/\/api.w.org\/{rel}","templated":true}]}}