{"id":358,"date":"2022-10-06T16:08:40","date_gmt":"2022-10-06T14:08:40","guid":{"rendered":"https:\/\/verlani.com\/?page_id=358"},"modified":"2026-02-10T12:13:43","modified_gmt":"2026-02-10T11:13:43","slug":"meble-na-wymiar","status":"publish","type":"page","link":"https:\/\/verlani.com\/de\/meble-na-wymiar\/","title":{"rendered":"ma\u00dfgerechten M\u00f6bel"},"content":{"rendered":"<h2>ma\u00dfgerechten M\u00f6bel<\/h2>\r\n<p>&nbsp;<\/p>\r\n<p>Unsere Firma ist Spezialist im Entwerfen und in der Ausf\u00fchrung der ma\u00dfgerechten M\u00f6bel. In unserer Arbeit bem\u00fchen wir uns immer, alle Erwartungen zu erf\u00fcllen, sogar die Anforderungen von unseren anspruchsvollsten Kunden. Dadurch vergr\u00f6\u00dfert sich st\u00e4ndig der Kreis der zufriedenen Kunden. Zu unserem Erfolg tr\u00e4gt auch die Verwendung von hochwertigen Stoffen bei.<\/p>","protected":false},"excerpt":{"rendered":"<p>ma\u00dfgerechten M\u00f6bel &nbsp; Unsere Firma ist Spezialist im Entwerfen und in der Ausf\u00fchrung der ma\u00dfgerechten M\u00f6bel. In unserer Arbeit bem\u00fchen wir uns immer, alle Erwartungen zu erf\u00fcllen, sogar [&hellip;]<\/p>\n","protected":false},"author":2,"featured_media":2140,"parent":0,"menu_order":0,"comment_status":"closed","ping_status":"closed","template":"","meta":{"_acf_changed":false,"ngg_post_thumbnail":0,"footnotes":""},"class_list":["post-358","page","type-page","status-publish","has-post-thumbnail","hentry"],"acf":[],"yoast_head":"<!-- This site is optimized with the Yoast SEO plugin v27.3 - https:\/\/yoast.com\/product\/yoast-seo-wordpress\/ -->\n<title>Meble na wymiar \u2013 Szczecin, Stargard | Meble na zam\u00f3wienie<\/title>\n<meta name=\"description\" content=\"Dostarczamy meble na wymiar, kt\u00f3re s\u0105 idealnie dopasowane do konkretnych pomieszcze\u0144, a tak\u017ce wsp\u00f3\u0142graj\u0105 z gustami naszych Klient\u00f3w. Szczeg\u00f3\u0142y na stronie!\" \/>\n<meta name=\"robots\" content=\"index, follow, max-snippet:-1, max-image-preview:large, max-video-preview:-1\" \/>\n<link rel=\"canonical\" href=\"https:\/\/verlani.com\/meble-na-wymiar\/\" \/>\n<meta property=\"og:locale\" content=\"de_DE\" \/>\n<meta property=\"og:type\" content=\"article\" \/>\n<meta property=\"og:title\" content=\"Meble na wymiar \u2013 Szczecin, Stargard | Meble na zam\u00f3wienie\" \/>\n<meta property=\"og:description\" content=\"Dostarczamy meble na wymiar, kt\u00f3re s\u0105 idealnie dopasowane do konkretnych pomieszcze\u0144, a tak\u017ce wsp\u00f3\u0142graj\u0105 z gustami naszych Klient\u00f3w. Szczeg\u00f3\u0142y na stronie!\" \/>\n<meta property=\"og:url\" content=\"https:\/\/verlani.com\/meble-na-wymiar\/\" \/>\n<meta property=\"og:site_name\" content=\"Verlani\" \/>\n<meta property=\"article:modified_time\" content=\"2026-02-10T11:13:43+00:00\" \/>\n<meta property=\"og:image\" content=\"https:\/\/verlani.com\/wp-content\/uploads\/2023\/01\/pageheader_1.jpg\" \/>\n\t<meta property=\"og:image:width\" content=\"1400\" \/>\n\t<meta property=\"og:image:height\" content=\"235\" \/>\n\t<meta property=\"og:image:type\" content=\"image\/jpeg\" \/>\n<meta name=\"twitter:card\" content=\"summary_large_image\" \/>\n<script type=\"application\/ld+json\" class=\"yoast-schema-graph\">{\"@context\":\"https:\\\/\\\/schema.org\",\"@graph\":[{\"@type\":[\"WebPage\",\"FAQPage\"],\"@id\":\"https:\\\/\\\/verlani.com\\\/meble-na-wymiar\\\/\",\"url\":\"https:\\\/\\\/verlani.com\\\/meble-na-wymiar\\\/\",\"name\":\"Meble na wymiar \u2013 Szczecin, Stargard | Meble na zam\u00f3wienie\",\"isPartOf\":{\"@id\":\"https:\\\/\\\/verlani.com\\\/#website\"},\"primaryImageOfPage\":{\"@id\":\"https:\\\/\\\/verlani.com\\\/meble-na-wymiar\\\/#primaryimage\"},\"image\":{\"@id\":\"https:\\\/\\\/verlani.com\\\/meble-na-wymiar\\\/#primaryimage\"},\"thumbnailUrl\":\"https:\\\/\\\/verlani.com\\\/wp-content\\\/uploads\\\/2023\\\/01\\\/pageheader_1.jpg\",\"datePublished\":\"2022-10-06T14:08:40+00:00\",\"dateModified\":\"2026-02-10T11:13:43+00:00\",\"description\":\"Dostarczamy meble na wymiar, kt\u00f3re s\u0105 idealnie dopasowane do konkretnych pomieszcze\u0144, a tak\u017ce wsp\u00f3\u0142graj\u0105 z gustami naszych Klient\u00f3w. Szczeg\u00f3\u0142y na stronie!\",\"breadcrumb\":{\"@id\":\"https:\\\/\\\/verlani.com\\\/meble-na-wymiar\\\/#breadcrumb\"},\"mainEntity\":[{\"@id\":\"https:\\\/\\\/verlani.com\\\/meble-na-wymiar\\\/#faq-question-1770720681546\"},{\"@id\":\"https:\\\/\\\/verlani.com\\\/meble-na-wymiar\\\/#faq-question-1770720707480\"},{\"@id\":\"https:\\\/\\\/verlani.com\\\/meble-na-wymiar\\\/#faq-question-1770720712743\"},{\"@id\":\"https:\\\/\\\/verlani.com\\\/meble-na-wymiar\\\/#faq-question-1770720718848\"},{\"@id\":\"https:\\\/\\\/verlani.com\\\/meble-na-wymiar\\\/#faq-question-1770720726236\"}],\"inLanguage\":\"de\",\"potentialAction\":[{\"@type\":\"ReadAction\",\"target\":[\"https:\\\/\\\/verlani.com\\\/meble-na-wymiar\\\/\"]}]},{\"@type\":\"ImageObject\",\"inLanguage\":\"de\",\"@id\":\"https:\\\/\\\/verlani.com\\\/meble-na-wymiar\\\/#primaryimage\",\"url\":\"https:\\\/\\\/verlani.com\\\/wp-content\\\/uploads\\\/2023\\\/01\\\/pageheader_1.jpg\",\"contentUrl\":\"https:\\\/\\\/verlani.com\\\/wp-content\\\/uploads\\\/2023\\\/01\\\/pageheader_1.jpg\",\"width\":1400,\"height\":235},{\"@type\":\"BreadcrumbList\",\"@id\":\"https:\\\/\\\/verlani.com\\\/meble-na-wymiar\\\/#breadcrumb\",\"itemListElement\":[{\"@type\":\"ListItem\",\"position\":1,\"name\":\"Strona g\u0142\u00f3wna\",\"item\":\"https:\\\/\\\/verlani.com\\\/\"},{\"@type\":\"ListItem\",\"position\":2,\"name\":\"Meble na wymiar \u2013 Szczecin\"}]},{\"@type\":\"WebSite\",\"@id\":\"https:\\\/\\\/verlani.com\\\/#website\",\"url\":\"https:\\\/\\\/verlani.com\\\/\",\"name\":\"Verlani\",\"description\":\"\",\"alternateName\":\"Meble kuchenne Verlani\",\"potentialAction\":[{\"@type\":\"SearchAction\",\"target\":{\"@type\":\"EntryPoint\",\"urlTemplate\":\"https:\\\/\\\/verlani.com\\\/?s={search_term_string}\"},\"query-input\":{\"@type\":\"PropertyValueSpecification\",\"valueRequired\":true,\"valueName\":\"search_term_string\"}}],\"inLanguage\":\"de\"},{\"@type\":\"Question\",\"@id\":\"https:\\\/\\\/verlani.com\\\/meble-na-wymiar\\\/#faq-question-1770720681546\",\"position\":1,\"url\":\"https:\\\/\\\/verlani.com\\\/meble-na-wymiar\\\/#faq-question-1770720681546\",\"name\":\"Dla jakich pomieszcze\u0144 nadaj\u0105 si\u0119 meble na wymiar?\",\"answerCount\":1,\"acceptedAnswer\":{\"@type\":\"Answer\",\"text\":\"Meble na wymiar sprawdzaj\u0105 si\u0119 w ka\u017cdym pomieszczeniu \u2013 kuchniach, sypialniach, \u0142azienkach, salonach, biurach, garderobach oraz korytarzach, zar\u00f3wno w mieszkaniach standardowych, jak i o nietypowych wymiarach.\",\"inLanguage\":\"de\"},\"inLanguage\":\"de\"},{\"@type\":\"Question\",\"@id\":\"https:\\\/\\\/verlani.com\\\/meble-na-wymiar\\\/#faq-question-1770720707480\",\"position\":2,\"url\":\"https:\\\/\\\/verlani.com\\\/meble-na-wymiar\\\/#faq-question-1770720707480\",\"name\":\"Czy meble VERLANI mo\u017cna dopasowa\u0107 do ma\u0142ych lub nietypowych przestrzeni?\",\"answerCount\":1,\"acceptedAnswer\":{\"@type\":\"Answer\",\"text\":\"Tak. Projektujemy i wykonujemy zabudowy do wn\u0119k, poddaszy, naro\u017cnik\u00f3w i innych nietypowych powierzchni, optymalizuj\u0105c przestrze\u0144 przy zachowaniu komfortu u\u017cytkowania.\",\"inLanguage\":\"de\"},\"inLanguage\":\"de\"},{\"@type\":\"Question\",\"@id\":\"https:\\\/\\\/verlani.com\\\/meble-na-wymiar\\\/#faq-question-1770720712743\",\"position\":3,\"url\":\"https:\\\/\\\/verlani.com\\\/meble-na-wymiar\\\/#faq-question-1770720712743\",\"name\":\"Jakie materia\u0142y s\u0105 wykorzystywane w meblach na wymiar?\",\"answerCount\":1,\"acceptedAnswer\":{\"@type\":\"Answer\",\"text\":\"Stosujemy drewno naturalne, p\u0142yty MDF lakierowane, akrylowe fronty, szk\u0142o oraz aluminium. Mo\u017cliwe jest \u0142\u0105czenie materia\u0142\u00f3w, co pozwala tworzy\u0107 unikalne i nowoczesne kompozycje.\",\"inLanguage\":\"de\"},\"inLanguage\":\"de\"},{\"@type\":\"Question\",\"@id\":\"https:\\\/\\\/verlani.com\\\/meble-na-wymiar\\\/#faq-question-1770720718848\",\"position\":4,\"url\":\"https:\\\/\\\/verlani.com\\\/meble-na-wymiar\\\/#faq-question-1770720718848\",\"name\":\"Czy mo\u017cliwa jest personalizacja uk\u0142adu szuflad i p\u00f3\u0142ek?\",\"answerCount\":1,\"acceptedAnswer\":{\"@type\":\"Answer\",\"text\":\"Oczywi\u015bcie. Systemy przechowywania mo\u017cna dopasowa\u0107 do indywidualnych potrzeb u\u017cytkownik\u00f3w, zapewniaj\u0105c maksymaln\u0105 funkcjonalno\u015b\u0107 i wygod\u0119.\",\"inLanguage\":\"de\"},\"inLanguage\":\"de\"},{\"@type\":\"Question\",\"@id\":\"https:\\\/\\\/verlani.com\\\/meble-na-wymiar\\\/#faq-question-1770720726236\",\"position\":5,\"url\":\"https:\\\/\\\/verlani.com\\\/meble-na-wymiar\\\/#faq-question-1770720726236\",\"name\":\"Czy VERLANI zapewnia monta\u017c i serwis posprzeda\u017cowy?\",\"answerCount\":1,\"acceptedAnswer\":{\"@type\":\"Answer\",\"text\":\"Tak. Nasze meble s\u0105 montowane przez do\u015bwiadczonych specjalist\u00f3w, a dodatkowo oferujemy serwis posprzeda\u017cowy i konserwacj\u0119, co zapewnia trwa\u0142o\u015b\u0107 i estetyk\u0119 na lata.\",\"inLanguage\":\"de\"},\"inLanguage\":\"de\"}]}<\/script>\n<!-- \/ Yoast SEO plugin. -->","yoast_head_json":{"title":"Meble na wymiar \u2013 Szczecin, Stargard | Meble na zam\u00f3wienie","description":"Dostarczamy meble na wymiar, kt\u00f3re s\u0105 idealnie dopasowane do konkretnych pomieszcze\u0144, a tak\u017ce wsp\u00f3\u0142graj\u0105 z gustami naszych Klient\u00f3w. Szczeg\u00f3\u0142y na stronie!","robots":{"index":"index","follow":"follow","max-snippet":"max-snippet:-1","max-image-preview":"max-image-preview:large","max-video-preview":"max-video-preview:-1"},"canonical":"https:\/\/verlani.com\/meble-na-wymiar\/","og_locale":"de_DE","og_type":"article","og_title":"Meble na wymiar \u2013 Szczecin, Stargard | Meble na zam\u00f3wienie","og_description":"Dostarczamy meble na wymiar, kt\u00f3re s\u0105 idealnie dopasowane do konkretnych pomieszcze\u0144, a tak\u017ce wsp\u00f3\u0142graj\u0105 z gustami naszych Klient\u00f3w. Szczeg\u00f3\u0142y na stronie!","og_url":"https:\/\/verlani.com\/meble-na-wymiar\/","og_site_name":"Verlani","article_modified_time":"2026-02-10T11:13:43+00:00","og_image":[{"width":1400,"height":235,"url":"https:\/\/verlani.com\/wp-content\/uploads\/2023\/01\/pageheader_1.jpg","type":"image\/jpeg"}],"twitter_card":"summary_large_image","schema":{"@context":"https:\/\/schema.org","@graph":[{"@type":["WebPage","FAQPage"],"@id":"https:\/\/verlani.com\/meble-na-wymiar\/","url":"https:\/\/verlani.com\/meble-na-wymiar\/","name":"Meble na wymiar \u2013 Szczecin, Stargard | Meble na zam\u00f3wienie","isPartOf":{"@id":"https:\/\/verlani.com\/#website"},"primaryImageOfPage":{"@id":"https:\/\/verlani.com\/meble-na-wymiar\/#primaryimage"},"image":{"@id":"https:\/\/verlani.com\/meble-na-wymiar\/#primaryimage"},"thumbnailUrl":"https:\/\/verlani.com\/wp-content\/uploads\/2023\/01\/pageheader_1.jpg","datePublished":"2022-10-06T14:08:40+00:00","dateModified":"2026-02-10T11:13:43+00:00","description":"Dostarczamy meble na wymiar, kt\u00f3re s\u0105 idealnie dopasowane do konkretnych pomieszcze\u0144, a tak\u017ce wsp\u00f3\u0142graj\u0105 z gustami naszych Klient\u00f3w. Szczeg\u00f3\u0142y na stronie!","breadcrumb":{"@id":"https:\/\/verlani.com\/meble-na-wymiar\/#breadcrumb"},"mainEntity":[{"@id":"https:\/\/verlani.com\/meble-na-wymiar\/#faq-question-1770720681546"},{"@id":"https:\/\/verlani.com\/meble-na-wymiar\/#faq-question-1770720707480"},{"@id":"https:\/\/verlani.com\/meble-na-wymiar\/#faq-question-1770720712743"},{"@id":"https:\/\/verlani.com\/meble-na-wymiar\/#faq-question-1770720718848"},{"@id":"https:\/\/verlani.com\/meble-na-wymiar\/#faq-question-1770720726236"}],"inLanguage":"de","potentialAction":[{"@type":"ReadAction","target":["https:\/\/verlani.com\/meble-na-wymiar\/"]}]},{"@type":"ImageObject","inLanguage":"de","@id":"https:\/\/verlani.com\/meble-na-wymiar\/#primaryimage","url":"https:\/\/verlani.com\/wp-content\/uploads\/2023\/01\/pageheader_1.jpg","contentUrl":"https:\/\/verlani.com\/wp-content\/uploads\/2023\/01\/pageheader_1.jpg","width":1400,"height":235},{"@type":"BreadcrumbList","@id":"https:\/\/verlani.com\/meble-na-wymiar\/#breadcrumb","itemListElement":[{"@type":"ListItem","position":1,"name":"Strona g\u0142\u00f3wna","item":"https:\/\/verlani.com\/"},{"@type":"ListItem","position":2,"name":"Meble na wymiar \u2013 Szczecin"}]},{"@type":"WebSite","@id":"https:\/\/verlani.com\/#website","url":"https:\/\/verlani.com\/","name":"Verlani","description":"","alternateName":"Meble kuchenne Verlani","potentialAction":[{"@type":"SearchAction","target":{"@type":"EntryPoint","urlTemplate":"https:\/\/verlani.com\/?s={search_term_string}"},"query-input":{"@type":"PropertyValueSpecification","valueRequired":true,"valueName":"search_term_string"}}],"inLanguage":"de"},{"@type":"Question","@id":"https:\/\/verlani.com\/meble-na-wymiar\/#faq-question-1770720681546","position":1,"url":"https:\/\/verlani.com\/meble-na-wymiar\/#faq-question-1770720681546","name":"Dla jakich pomieszcze\u0144 nadaj\u0105 si\u0119 meble na wymiar?","answerCount":1,"acceptedAnswer":{"@type":"Answer","text":"Meble na wymiar sprawdzaj\u0105 si\u0119 w ka\u017cdym pomieszczeniu \u2013 kuchniach, sypialniach, \u0142azienkach, salonach, biurach, garderobach oraz korytarzach, zar\u00f3wno w mieszkaniach standardowych, jak i o nietypowych wymiarach.","inLanguage":"de"},"inLanguage":"de"},{"@type":"Question","@id":"https:\/\/verlani.com\/meble-na-wymiar\/#faq-question-1770720707480","position":2,"url":"https:\/\/verlani.com\/meble-na-wymiar\/#faq-question-1770720707480","name":"Czy meble VERLANI mo\u017cna dopasowa\u0107 do ma\u0142ych lub nietypowych przestrzeni?","answerCount":1,"acceptedAnswer":{"@type":"Answer","text":"Tak. Projektujemy i wykonujemy zabudowy do wn\u0119k, poddaszy, naro\u017cnik\u00f3w i innych nietypowych powierzchni, optymalizuj\u0105c przestrze\u0144 przy zachowaniu komfortu u\u017cytkowania.","inLanguage":"de"},"inLanguage":"de"},{"@type":"Question","@id":"https:\/\/verlani.com\/meble-na-wymiar\/#faq-question-1770720712743","position":3,"url":"https:\/\/verlani.com\/meble-na-wymiar\/#faq-question-1770720712743","name":"Jakie materia\u0142y s\u0105 wykorzystywane w meblach na wymiar?","answerCount":1,"acceptedAnswer":{"@type":"Answer","text":"Stosujemy drewno naturalne, p\u0142yty MDF lakierowane, akrylowe fronty, szk\u0142o oraz aluminium. Mo\u017cliwe jest \u0142\u0105czenie materia\u0142\u00f3w, co pozwala tworzy\u0107 unikalne i nowoczesne kompozycje.","inLanguage":"de"},"inLanguage":"de"},{"@type":"Question","@id":"https:\/\/verlani.com\/meble-na-wymiar\/#faq-question-1770720718848","position":4,"url":"https:\/\/verlani.com\/meble-na-wymiar\/#faq-question-1770720718848","name":"Czy mo\u017cliwa jest personalizacja uk\u0142adu szuflad i p\u00f3\u0142ek?","answerCount":1,"acceptedAnswer":{"@type":"Answer","text":"Oczywi\u015bcie. Systemy przechowywania mo\u017cna dopasowa\u0107 do indywidualnych potrzeb u\u017cytkownik\u00f3w, zapewniaj\u0105c maksymaln\u0105 funkcjonalno\u015b\u0107 i wygod\u0119.","inLanguage":"de"},"inLanguage":"de"},{"@type":"Question","@id":"https:\/\/verlani.com\/meble-na-wymiar\/#faq-question-1770720726236","position":5,"url":"https:\/\/verlani.com\/meble-na-wymiar\/#faq-question-1770720726236","name":"Czy VERLANI zapewnia monta\u017c i serwis posprzeda\u017cowy?","answerCount":1,"acceptedAnswer":{"@type":"Answer","text":"Tak. Nasze meble s\u0105 montowane przez do\u015bwiadczonych specjalist\u00f3w, a dodatkowo oferujemy serwis posprzeda\u017cowy i konserwacj\u0119, co zapewnia trwa\u0142o\u015b\u0107 i estetyk\u0119 na lata.","inLanguage":"de"},"inLanguage":"de"}]}},"_links":{"self":[{"href":"https:\/\/verlani.com\/de\/wp-json\/wp\/v2\/pages\/358","targetHints":{"allow":["GET"]}}],"collection":[{"href":"https:\/\/verlani.com\/de\/wp-json\/wp\/v2\/pages"}],"about":[{"href":"https:\/\/verlani.com\/de\/wp-json\/wp\/v2\/types\/page"}],"author":[{"embeddable":true,"href":"https:\/\/verlani.com\/de\/wp-json\/wp\/v2\/users\/2"}],"replies":[{"embeddable":true,"href":"https:\/\/verlani.com\/de\/wp-json\/wp\/v2\/comments?post=358"}],"version-history":[{"count":17,"href":"https:\/\/verlani.com\/de\/wp-json\/wp\/v2\/pages\/358\/revisions"}],"predecessor-version":[{"id":3187,"href":"https:\/\/verlani.com\/de\/wp-json\/wp\/v2\/pages\/358\/revisions\/3187"}],"wp:featuredmedia":[{"embeddable":true,"href":"https:\/\/verlani.com\/de\/wp-json\/wp\/v2\/media\/2140"}],"wp:attachment":[{"href":"https:\/\/verlani.com\/de\/wp-json\/wp\/v2\/media?parent=358"}],"curies":[{"name":"wp","href":"https:\/\/api.w.org\/{rel}","templated":true}]}}