{"id":366,"date":"2022-10-06T16:26:03","date_gmt":"2022-10-06T14:26:03","guid":{"rendered":"https:\/\/verlani.com\/?page_id=366"},"modified":"2026-02-10T12:17:19","modified_gmt":"2026-02-10T11:17:19","slug":"meble-kuchenne","status":"publish","type":"page","link":"https:\/\/verlani.com\/de\/meble-kuchenne\/","title":{"rendered":"K\u00fcchenm\u00f6bel und Ankleider\u00e4ume"},"content":{"rendered":"<p>Unsere Firma ist Spezialist im Entwerfen und in der Ausf\u00fchrung der ma\u00dfgerechten M\u00f6bel. In unserer Arbeit bem\u00fchen wir uns immer, alle Erwartungen zu erf\u00fcllen, sogar die Anforderungen von unseren anspruchsvollsten Kunden. Dadurch vergr\u00f6\u00dfert sich st\u00e4ndig der Kreis der zufriedenen Kunden. Zu unserem Erfolg tr\u00e4gt auch die Verwendung von hochwertigen Stoffen bei.Unten stellen wir Ihnen die Liste der Stoffe zur Verf\u00fcgung, die wir f\u00fcr die Produktion der ma\u00dfgerechten K\u00fcchenm\u00f6bel verwenden.<\/p>\n\n\n<style>#kt-layout-id_d3ac94-fb > .kt-row-column-wrap{align-content:start;}:where(#kt-layout-id_d3ac94-fb > .kt-row-column-wrap) > .wp-block-kadence-column{justify-content:start;}#kt-layout-id_d3ac94-fb > .kt-row-column-wrap{column-gap:var(--global-kb-gap-md, 2rem);row-gap:var(--global-kb-gap-md, 2rem);padding-top:var( --global-kb-row-default-top, 25px );padding-bottom:var( --global-kb-row-default-bottom, 25px );padding-top:var(--global-kb-spacing-sm, 1.5rem);padding-bottom:var(--global-kb-spacing-sm, 1.5rem);}#kt-layout-id_d3ac94-fb > .kt-row-column-wrap > div:not(.added-for-specificity){grid-column:initial;}#kt-layout-id_d3ac94-fb > .kt-row-column-wrap{grid-template-columns:repeat(4, minmax(0, 1fr));}#kt-layout-id_d3ac94-fb > .kt-row-layout-overlay{opacity:0.30;}@media all and (max-width: 1024px){#kt-layout-id_d3ac94-fb > .kt-row-column-wrap > div:not(.added-for-specificity){grid-column:initial;}}@media all and (max-width: 1024px){#kt-layout-id_d3ac94-fb > .kt-row-column-wrap{grid-template-columns:repeat(4, minmax(0, 1fr));}}@media all and (max-width: 767px){#kt-layout-id_d3ac94-fb > .kt-row-column-wrap > div:not(.added-for-specificity){grid-column:initial;}#kt-layout-id_d3ac94-fb > .kt-row-column-wrap{grid-template-columns:minmax(0, 1fr);}}<\/style>\n<div class=\"wp-block-kadence-rowlayout alignnone\"><div id=\"kt-layout-id_d3ac94-fb\" class=\"kt-row-layout-inner kt-layout-id_d3ac94-fb\"><div class=\"kt-row-column-wrap kt-has-4-columns kt-gutter-default kt-v-gutter-default kt-row-valign-top kt-row-layout-equal kt-tab-layout-inherit kt-m-colapse-left-to-right kt-mobile-layout-row\"><style>.kadence-column_e872a6-02 > .kt-inside-inner-col{border-top-width:0px;border-right-width:0px;border-bottom-width:0px;border-left-width:0px;}.kadence-column_e872a6-02 > .kt-inside-inner-col,.kadence-column_e872a6-02 > .kt-inside-inner-col:before{border-top-left-radius:0px;border-top-right-radius:0px;border-bottom-right-radius:0px;border-bottom-left-radius:0px;}.kadence-column_e872a6-02 > .kt-inside-inner-col{column-gap:var(--global-kb-gap-sm, 1rem);}.kadence-column_e872a6-02 > .kt-inside-inner-col{flex-direction:column;}.kadence-column_e872a6-02 > .kt-inside-inner-col > .aligncenter{width:100%;}.kadence-column_e872a6-02 > .kt-inside-inner-col:before{opacity:0.3;}.kadence-column_e872a6-02{position:relative;}@media all and (max-width: 1024px){.kadence-column_e872a6-02 > .kt-inside-inner-col{flex-direction:column;justify-content:center;}}@media all and (max-width: 767px){.kadence-column_e872a6-02 > .kt-inside-inner-col{flex-direction:column;justify-content:center;}}<\/style>\n<div class=\"wp-block-kadence-column inner-column-1 kadence-column_e872a6-02\"><div class=\"kt-inside-inner-col\">\n<figure class=\"wp-block-image size-full\"><img loading=\"lazy\" decoding=\"async\" width=\"500\" height=\"500\" src=\"https:\/\/verlani.com\/wp-content\/uploads\/2022\/10\/5-min.jpg\" alt=\"\" class=\"wp-image-282\"\/><\/figure>\n<\/div><\/div>\n\n\n<style>.kadence-column_f2d979-0a > .kt-inside-inner-col{border-top-width:0px;border-right-width:0px;border-bottom-width:0px;border-left-width:0px;}.kadence-column_f2d979-0a > .kt-inside-inner-col,.kadence-column_f2d979-0a > .kt-inside-inner-col:before{border-top-left-radius:0px;border-top-right-radius:0px;border-bottom-right-radius:0px;border-bottom-left-radius:0px;}.kadence-column_f2d979-0a > .kt-inside-inner-col{column-gap:var(--global-kb-gap-sm, 1rem);}.kadence-column_f2d979-0a > .kt-inside-inner-col{flex-direction:column;}.kadence-column_f2d979-0a > .kt-inside-inner-col > .aligncenter{width:100%;}.kadence-column_f2d979-0a > .kt-inside-inner-col:before{opacity:0.3;}.kadence-column_f2d979-0a{position:relative;}@media all and (max-width: 1024px){.kadence-column_f2d979-0a > .kt-inside-inner-col{flex-direction:column;justify-content:center;}}@media all and (max-width: 767px){.kadence-column_f2d979-0a > .kt-inside-inner-col{flex-direction:column;justify-content:center;}}<\/style>\n<div class=\"wp-block-kadence-column inner-column-2 kadence-column_f2d979-0a\"><div class=\"kt-inside-inner-col\">\n<figure class=\"wp-block-image size-full\"><img loading=\"lazy\" decoding=\"async\" width=\"500\" height=\"500\" src=\"https:\/\/verlani.com\/wp-content\/uploads\/2022\/10\/3-min-3.jpg\" alt=\"\" class=\"wp-image-442\"\/><\/figure>\n<\/div><\/div>\n\n\n<style>.kadence-column_e725b6-ea > .kt-inside-inner-col{border-top-width:0px;border-right-width:0px;border-bottom-width:0px;border-left-width:0px;}.kadence-column_e725b6-ea > .kt-inside-inner-col,.kadence-column_e725b6-ea > .kt-inside-inner-col:before{border-top-left-radius:0px;border-top-right-radius:0px;border-bottom-right-radius:0px;border-bottom-left-radius:0px;}.kadence-column_e725b6-ea > .kt-inside-inner-col{column-gap:var(--global-kb-gap-sm, 1rem);}.kadence-column_e725b6-ea > .kt-inside-inner-col{flex-direction:column;}.kadence-column_e725b6-ea > .kt-inside-inner-col > .aligncenter{width:100%;}.kadence-column_e725b6-ea > .kt-inside-inner-col:before{opacity:0.3;}.kadence-column_e725b6-ea{position:relative;}@media all and (max-width: 1024px){.kadence-column_e725b6-ea > .kt-inside-inner-col{flex-direction:column;justify-content:center;}}@media all and (max-width: 767px){.kadence-column_e725b6-ea > .kt-inside-inner-col{flex-direction:column;justify-content:center;}}<\/style>\n<div class=\"wp-block-kadence-column inner-column-3 kadence-column_e725b6-ea\"><div class=\"kt-inside-inner-col\">\n<figure class=\"wp-block-image size-full\"><img loading=\"lazy\" decoding=\"async\" width=\"500\" height=\"500\" src=\"https:\/\/verlani.com\/wp-content\/uploads\/2022\/10\/1-min.jpg\" alt=\"\" class=\"wp-image-296\"\/><\/figure>\n<\/div><\/div>\n\n\n<style>.kadence-column_be0beb-c7 > .kt-inside-inner-col{border-top-width:0px;border-right-width:0px;border-bottom-width:0px;border-left-width:0px;}.kadence-column_be0beb-c7 > .kt-inside-inner-col,.kadence-column_be0beb-c7 > .kt-inside-inner-col:before{border-top-left-radius:0px;border-top-right-radius:0px;border-bottom-right-radius:0px;border-bottom-left-radius:0px;}.kadence-column_be0beb-c7 > .kt-inside-inner-col{column-gap:var(--global-kb-gap-sm, 1rem);}.kadence-column_be0beb-c7 > .kt-inside-inner-col{flex-direction:column;}.kadence-column_be0beb-c7 > .kt-inside-inner-col > .aligncenter{width:100%;}.kadence-column_be0beb-c7 > .kt-inside-inner-col:before{opacity:0.3;}.kadence-column_be0beb-c7{position:relative;}@media all and (max-width: 1024px){.kadence-column_be0beb-c7 > .kt-inside-inner-col{flex-direction:column;justify-content:center;}}@media all and (max-width: 767px){.kadence-column_be0beb-c7 > .kt-inside-inner-col{flex-direction:column;justify-content:center;}}<\/style>\n<div class=\"wp-block-kadence-column inner-column-4 kadence-column_be0beb-c7\"><div class=\"kt-inside-inner-col\">\n<figure class=\"wp-block-image size-full\"><img loading=\"lazy\" decoding=\"async\" width=\"500\" height=\"500\" src=\"https:\/\/verlani.com\/wp-content\/uploads\/2022\/10\/4-min.jpg\" alt=\"\" class=\"wp-image-302\"\/><\/figure>\n<\/div><\/div>\n<\/div><\/div><\/div>\n\n\n<style>.wp-block-kadence-spacer.kt-block-spacer-_52a557-6e .kt-block-spacer{height:60px;}.wp-block-kadence-spacer.kt-block-spacer-_52a557-6e .kt-divider{border-top-width:1px;height:1px;border-top-color:#eee;width:100%;border-top-style:solid;}<\/style>\n<div class=\"wp-block-kadence-spacer aligncenter kt-block-spacer-_52a557-6e\"><div class=\"kt-block-spacer kt-block-spacer-halign-center\"><hr class=\"kt-divider\"\/><\/div><\/div>","protected":false},"excerpt":{"rendered":"<p>Unsere Firma ist Spezialist im Entwerfen und in der Ausf\u00fchrung der ma\u00dfgerechten M\u00f6bel. In unserer Arbeit bem\u00fchen wir uns immer, alle Erwartungen zu erf\u00fcllen, sogar die Anforderungen von [&hellip;]<\/p>\n","protected":false},"author":1,"featured_media":2140,"parent":0,"menu_order":0,"comment_status":"closed","ping_status":"closed","template":"","meta":{"_acf_changed":false,"ngg_post_thumbnail":0,"footnotes":""},"class_list":["post-366","page","type-page","status-publish","has-post-thumbnail","hentry"],"acf":[],"yoast_head":"<!-- This site is optimized with the Yoast SEO plugin v27.3 - https:\/\/yoast.com\/product\/yoast-seo-wordpress\/ -->\n<title>Meble kuchenne pod wymiar \u2013 Szczecin | Meble do kuchni - Stargard<\/title>\n<meta name=\"description\" content=\"Zapewnij sobie w kuchni po\u0142\u0105czenie funkcjonalno\u015bci i estetyki z naszymi meblami kuchennymi na wymiar! Sprawd\u017a ofert\u0119 naszych salon\u00f3w w Stargardzie i Szczecinie!\" \/>\n<meta name=\"robots\" content=\"index, follow, max-snippet:-1, max-image-preview:large, max-video-preview:-1\" \/>\n<link rel=\"canonical\" href=\"https:\/\/verlani.com\/meble-kuchenne\/\" \/>\n<meta property=\"og:locale\" content=\"de_DE\" \/>\n<meta property=\"og:type\" content=\"article\" \/>\n<meta property=\"og:title\" content=\"Meble kuchenne pod wymiar \u2013 Szczecin | Meble do kuchni - Stargard\" \/>\n<meta property=\"og:description\" content=\"Zapewnij sobie w kuchni po\u0142\u0105czenie funkcjonalno\u015bci i estetyki z naszymi meblami kuchennymi na wymiar! Sprawd\u017a ofert\u0119 naszych salon\u00f3w w Stargardzie i Szczecinie!\" \/>\n<meta property=\"og:url\" content=\"https:\/\/verlani.com\/meble-kuchenne\/\" \/>\n<meta property=\"og:site_name\" content=\"Verlani\" \/>\n<meta property=\"article:modified_time\" content=\"2026-02-10T11:17:19+00:00\" \/>\n<meta property=\"og:image\" content=\"https:\/\/verlani.com\/wp-content\/uploads\/2023\/01\/pageheader_1.jpg\" \/>\n\t<meta property=\"og:image:width\" content=\"1400\" \/>\n\t<meta property=\"og:image:height\" content=\"235\" \/>\n\t<meta property=\"og:image:type\" content=\"image\/jpeg\" \/>\n<meta name=\"twitter:card\" content=\"summary_large_image\" \/>\n<script type=\"application\/ld+json\" class=\"yoast-schema-graph\">{\"@context\":\"https:\\\/\\\/schema.org\",\"@graph\":[{\"@type\":[\"WebPage\",\"FAQPage\"],\"@id\":\"https:\\\/\\\/verlani.com\\\/meble-kuchenne\\\/\",\"url\":\"https:\\\/\\\/verlani.com\\\/meble-kuchenne\\\/\",\"name\":\"Meble kuchenne pod wymiar \u2013 Szczecin | Meble do kuchni - Stargard\",\"isPartOf\":{\"@id\":\"https:\\\/\\\/verlani.com\\\/#website\"},\"primaryImageOfPage\":{\"@id\":\"https:\\\/\\\/verlani.com\\\/meble-kuchenne\\\/#primaryimage\"},\"image\":{\"@id\":\"https:\\\/\\\/verlani.com\\\/meble-kuchenne\\\/#primaryimage\"},\"thumbnailUrl\":\"https:\\\/\\\/verlani.com\\\/wp-content\\\/uploads\\\/2023\\\/01\\\/pageheader_1.jpg\",\"datePublished\":\"2022-10-06T14:26:03+00:00\",\"dateModified\":\"2026-02-10T11:17:19+00:00\",\"description\":\"Zapewnij sobie w kuchni po\u0142\u0105czenie funkcjonalno\u015bci i estetyki z naszymi meblami kuchennymi na wymiar! Sprawd\u017a ofert\u0119 naszych salon\u00f3w w Stargardzie i Szczecinie!\",\"breadcrumb\":{\"@id\":\"https:\\\/\\\/verlani.com\\\/meble-kuchenne\\\/#breadcrumb\"},\"mainEntity\":[{\"@id\":\"https:\\\/\\\/verlani.com\\\/meble-kuchenne\\\/#faq-question-1770722170455\"},{\"@id\":\"https:\\\/\\\/verlani.com\\\/meble-kuchenne\\\/#faq-question-1770722180815\"},{\"@id\":\"https:\\\/\\\/verlani.com\\\/meble-kuchenne\\\/#faq-question-1770722187482\"},{\"@id\":\"https:\\\/\\\/verlani.com\\\/meble-kuchenne\\\/#faq-question-1770722192380\"},{\"@id\":\"https:\\\/\\\/verlani.com\\\/meble-kuchenne\\\/#faq-question-1770722203930\"}],\"inLanguage\":\"de\",\"potentialAction\":[{\"@type\":\"ReadAction\",\"target\":[\"https:\\\/\\\/verlani.com\\\/meble-kuchenne\\\/\"]}]},{\"@type\":\"ImageObject\",\"inLanguage\":\"de\",\"@id\":\"https:\\\/\\\/verlani.com\\\/meble-kuchenne\\\/#primaryimage\",\"url\":\"https:\\\/\\\/verlani.com\\\/wp-content\\\/uploads\\\/2023\\\/01\\\/pageheader_1.jpg\",\"contentUrl\":\"https:\\\/\\\/verlani.com\\\/wp-content\\\/uploads\\\/2023\\\/01\\\/pageheader_1.jpg\",\"width\":1400,\"height\":235},{\"@type\":\"BreadcrumbList\",\"@id\":\"https:\\\/\\\/verlani.com\\\/meble-kuchenne\\\/#breadcrumb\",\"itemListElement\":[{\"@type\":\"ListItem\",\"position\":1,\"name\":\"Strona g\u0142\u00f3wna\",\"item\":\"https:\\\/\\\/verlani.com\\\/\"},{\"@type\":\"ListItem\",\"position\":2,\"name\":\"Meble kuchenne\"}]},{\"@type\":\"WebSite\",\"@id\":\"https:\\\/\\\/verlani.com\\\/#website\",\"url\":\"https:\\\/\\\/verlani.com\\\/\",\"name\":\"Verlani\",\"description\":\"\",\"alternateName\":\"Meble kuchenne Verlani\",\"potentialAction\":[{\"@type\":\"SearchAction\",\"target\":{\"@type\":\"EntryPoint\",\"urlTemplate\":\"https:\\\/\\\/verlani.com\\\/?s={search_term_string}\"},\"query-input\":{\"@type\":\"PropertyValueSpecification\",\"valueRequired\":true,\"valueName\":\"search_term_string\"}}],\"inLanguage\":\"de\"},{\"@type\":\"Question\",\"@id\":\"https:\\\/\\\/verlani.com\\\/meble-kuchenne\\\/#faq-question-1770722170455\",\"position\":1,\"url\":\"https:\\\/\\\/verlani.com\\\/meble-kuchenne\\\/#faq-question-1770722170455\",\"name\":\"Czy meble kuchenne na wymiar s\u0105 dro\u017csze od gotowych zestaw\u00f3w?\",\"answerCount\":1,\"acceptedAnswer\":{\"@type\":\"Answer\",\"text\":\"Meble na wymiar mog\u0105 by\u0107 dro\u017csze ni\u017c standardowe zestawy, jednak r\u00f3\u017cnica wynika z indywidualnego dopasowania projektu, wysokiej jako\u015bci materia\u0142\u00f3w oraz precyzyjnego wykonania. Inwestycja w meble na wymiar zapewnia optymalne wykorzystanie przestrzeni i trwa\u0142o\u015b\u0107 na lata, co cz\u0119sto rekompensuje wy\u017cszy koszt pocz\u0105tkowy.\",\"inLanguage\":\"de\"},\"inLanguage\":\"de\"},{\"@type\":\"Question\",\"@id\":\"https:\\\/\\\/verlani.com\\\/meble-kuchenne\\\/#faq-question-1770722180815\",\"position\":2,\"url\":\"https:\\\/\\\/verlani.com\\\/meble-kuchenne\\\/#faq-question-1770722180815\",\"name\":\"Jak d\u0142ugo trwa realizacja kuchni na wymiar?\",\"answerCount\":1,\"acceptedAnswer\":{\"@type\":\"Answer\",\"text\":\"Czas realizacji zale\u017cy od stopnia skomplikowania projektu oraz dost\u0119pno\u015bci wybranych materia\u0142\u00f3w. \u015arednio od momentu zaakceptowania projektu do monta\u017cu gotowej kuchni mija od 6 do 8 tygodni.\",\"inLanguage\":\"de\"},\"inLanguage\":\"de\"},{\"@type\":\"Question\",\"@id\":\"https:\\\/\\\/verlani.com\\\/meble-kuchenne\\\/#faq-question-1770722187482\",\"position\":3,\"url\":\"https:\\\/\\\/verlani.com\\\/meble-kuchenne\\\/#faq-question-1770722187482\",\"name\":\"Czy mog\u0119 wybra\u0107 materia\u0142y i wyko\u0144czenie front\u00f3w?\",\"answerCount\":1,\"acceptedAnswer\":{\"@type\":\"Answer\",\"text\":\"Tak, nasi Klienci maj\u0105 pe\u0142n\u0105 swobod\u0119 wyboru materia\u0142\u00f3w, kolor\u00f3w, faktury front\u00f3w, blat\u00f3w, p\u00f3\u0142ek, a tak\u017ce rodzaju uchwyt\u00f3w i system\u00f3w otwierania drzwi. Dzi\u0119ki temu ka\u017cda kuchnia jest w pe\u0142ni spersonalizowana i dopasowana do stylu wn\u0119trza.\",\"inLanguage\":\"de\"},\"inLanguage\":\"de\"},{\"@type\":\"Question\",\"@id\":\"https:\\\/\\\/verlani.com\\\/meble-kuchenne\\\/#faq-question-1770722192380\",\"position\":4,\"url\":\"https:\\\/\\\/verlani.com\\\/meble-kuchenne\\\/#faq-question-1770722192380\",\"name\":\"Czy meble kuchenne VERLANI s\u0105 bezpieczne dla dzieci?\",\"answerCount\":1,\"acceptedAnswer\":{\"@type\":\"Answer\",\"text\":\"Tak, stosujemy nowoczesne systemy zabezpiecze\u0144 i okucia wysokiej jako\u015bci, kt\u00f3re minimalizuj\u0105 ryzyko zaci\u0119\u0107 lub przypadkowego zamkni\u0119cia drzwi. Mo\u017cemy tak\u017ce zaproponowa\u0107 dodatkowe rozwi\u0105zania chroni\u0105ce najm\u0142odszych u\u017cytkownik\u00f3w.\",\"inLanguage\":\"de\"},\"inLanguage\":\"de\"},{\"@type\":\"Question\",\"@id\":\"https:\\\/\\\/verlani.com\\\/meble-kuchenne\\\/#faq-question-1770722203930\",\"position\":5,\"url\":\"https:\\\/\\\/verlani.com\\\/meble-kuchenne\\\/#faq-question-1770722203930\",\"name\":\"Czy mog\u0119 zobaczy\u0107 projekt swojej kuchni przed rozpocz\u0119ciem produkcji?\",\"answerCount\":1,\"acceptedAnswer\":{\"@type\":\"Answer\",\"text\":\"Tak, ka\u017cdy projekt jest przedstawiany w formie wizualizacji 3D, dzi\u0119ki czemu Klienci mog\u0105 zobaczy\u0107, jak kuchnia b\u0119dzie wygl\u0105da\u0142a w rzeczywisto\u015bci i nanie\u015b\u0107 ewentualne zmiany przed rozpocz\u0119ciem produkcji.\",\"inLanguage\":\"de\"},\"inLanguage\":\"de\"}]}<\/script>\n<!-- \/ Yoast SEO plugin. -->","yoast_head_json":{"title":"Meble kuchenne pod wymiar \u2013 Szczecin | Meble do kuchni - Stargard","description":"Zapewnij sobie w kuchni po\u0142\u0105czenie funkcjonalno\u015bci i estetyki z naszymi meblami kuchennymi na wymiar! Sprawd\u017a ofert\u0119 naszych salon\u00f3w w Stargardzie i Szczecinie!","robots":{"index":"index","follow":"follow","max-snippet":"max-snippet:-1","max-image-preview":"max-image-preview:large","max-video-preview":"max-video-preview:-1"},"canonical":"https:\/\/verlani.com\/meble-kuchenne\/","og_locale":"de_DE","og_type":"article","og_title":"Meble kuchenne pod wymiar \u2013 Szczecin | Meble do kuchni - Stargard","og_description":"Zapewnij sobie w kuchni po\u0142\u0105czenie funkcjonalno\u015bci i estetyki z naszymi meblami kuchennymi na wymiar! Sprawd\u017a ofert\u0119 naszych salon\u00f3w w Stargardzie i Szczecinie!","og_url":"https:\/\/verlani.com\/meble-kuchenne\/","og_site_name":"Verlani","article_modified_time":"2026-02-10T11:17:19+00:00","og_image":[{"width":1400,"height":235,"url":"https:\/\/verlani.com\/wp-content\/uploads\/2023\/01\/pageheader_1.jpg","type":"image\/jpeg"}],"twitter_card":"summary_large_image","schema":{"@context":"https:\/\/schema.org","@graph":[{"@type":["WebPage","FAQPage"],"@id":"https:\/\/verlani.com\/meble-kuchenne\/","url":"https:\/\/verlani.com\/meble-kuchenne\/","name":"Meble kuchenne pod wymiar \u2013 Szczecin | Meble do kuchni - Stargard","isPartOf":{"@id":"https:\/\/verlani.com\/#website"},"primaryImageOfPage":{"@id":"https:\/\/verlani.com\/meble-kuchenne\/#primaryimage"},"image":{"@id":"https:\/\/verlani.com\/meble-kuchenne\/#primaryimage"},"thumbnailUrl":"https:\/\/verlani.com\/wp-content\/uploads\/2023\/01\/pageheader_1.jpg","datePublished":"2022-10-06T14:26:03+00:00","dateModified":"2026-02-10T11:17:19+00:00","description":"Zapewnij sobie w kuchni po\u0142\u0105czenie funkcjonalno\u015bci i estetyki z naszymi meblami kuchennymi na wymiar! Sprawd\u017a ofert\u0119 naszych salon\u00f3w w Stargardzie i Szczecinie!","breadcrumb":{"@id":"https:\/\/verlani.com\/meble-kuchenne\/#breadcrumb"},"mainEntity":[{"@id":"https:\/\/verlani.com\/meble-kuchenne\/#faq-question-1770722170455"},{"@id":"https:\/\/verlani.com\/meble-kuchenne\/#faq-question-1770722180815"},{"@id":"https:\/\/verlani.com\/meble-kuchenne\/#faq-question-1770722187482"},{"@id":"https:\/\/verlani.com\/meble-kuchenne\/#faq-question-1770722192380"},{"@id":"https:\/\/verlani.com\/meble-kuchenne\/#faq-question-1770722203930"}],"inLanguage":"de","potentialAction":[{"@type":"ReadAction","target":["https:\/\/verlani.com\/meble-kuchenne\/"]}]},{"@type":"ImageObject","inLanguage":"de","@id":"https:\/\/verlani.com\/meble-kuchenne\/#primaryimage","url":"https:\/\/verlani.com\/wp-content\/uploads\/2023\/01\/pageheader_1.jpg","contentUrl":"https:\/\/verlani.com\/wp-content\/uploads\/2023\/01\/pageheader_1.jpg","width":1400,"height":235},{"@type":"BreadcrumbList","@id":"https:\/\/verlani.com\/meble-kuchenne\/#breadcrumb","itemListElement":[{"@type":"ListItem","position":1,"name":"Strona g\u0142\u00f3wna","item":"https:\/\/verlani.com\/"},{"@type":"ListItem","position":2,"name":"Meble kuchenne"}]},{"@type":"WebSite","@id":"https:\/\/verlani.com\/#website","url":"https:\/\/verlani.com\/","name":"Verlani","description":"","alternateName":"Meble kuchenne Verlani","potentialAction":[{"@type":"SearchAction","target":{"@type":"EntryPoint","urlTemplate":"https:\/\/verlani.com\/?s={search_term_string}"},"query-input":{"@type":"PropertyValueSpecification","valueRequired":true,"valueName":"search_term_string"}}],"inLanguage":"de"},{"@type":"Question","@id":"https:\/\/verlani.com\/meble-kuchenne\/#faq-question-1770722170455","position":1,"url":"https:\/\/verlani.com\/meble-kuchenne\/#faq-question-1770722170455","name":"Czy meble kuchenne na wymiar s\u0105 dro\u017csze od gotowych zestaw\u00f3w?","answerCount":1,"acceptedAnswer":{"@type":"Answer","text":"Meble na wymiar mog\u0105 by\u0107 dro\u017csze ni\u017c standardowe zestawy, jednak r\u00f3\u017cnica wynika z indywidualnego dopasowania projektu, wysokiej jako\u015bci materia\u0142\u00f3w oraz precyzyjnego wykonania. Inwestycja w meble na wymiar zapewnia optymalne wykorzystanie przestrzeni i trwa\u0142o\u015b\u0107 na lata, co cz\u0119sto rekompensuje wy\u017cszy koszt pocz\u0105tkowy.","inLanguage":"de"},"inLanguage":"de"},{"@type":"Question","@id":"https:\/\/verlani.com\/meble-kuchenne\/#faq-question-1770722180815","position":2,"url":"https:\/\/verlani.com\/meble-kuchenne\/#faq-question-1770722180815","name":"Jak d\u0142ugo trwa realizacja kuchni na wymiar?","answerCount":1,"acceptedAnswer":{"@type":"Answer","text":"Czas realizacji zale\u017cy od stopnia skomplikowania projektu oraz dost\u0119pno\u015bci wybranych materia\u0142\u00f3w. \u015arednio od momentu zaakceptowania projektu do monta\u017cu gotowej kuchni mija od 6 do 8 tygodni.","inLanguage":"de"},"inLanguage":"de"},{"@type":"Question","@id":"https:\/\/verlani.com\/meble-kuchenne\/#faq-question-1770722187482","position":3,"url":"https:\/\/verlani.com\/meble-kuchenne\/#faq-question-1770722187482","name":"Czy mog\u0119 wybra\u0107 materia\u0142y i wyko\u0144czenie front\u00f3w?","answerCount":1,"acceptedAnswer":{"@type":"Answer","text":"Tak, nasi Klienci maj\u0105 pe\u0142n\u0105 swobod\u0119 wyboru materia\u0142\u00f3w, kolor\u00f3w, faktury front\u00f3w, blat\u00f3w, p\u00f3\u0142ek, a tak\u017ce rodzaju uchwyt\u00f3w i system\u00f3w otwierania drzwi. Dzi\u0119ki temu ka\u017cda kuchnia jest w pe\u0142ni spersonalizowana i dopasowana do stylu wn\u0119trza.","inLanguage":"de"},"inLanguage":"de"},{"@type":"Question","@id":"https:\/\/verlani.com\/meble-kuchenne\/#faq-question-1770722192380","position":4,"url":"https:\/\/verlani.com\/meble-kuchenne\/#faq-question-1770722192380","name":"Czy meble kuchenne VERLANI s\u0105 bezpieczne dla dzieci?","answerCount":1,"acceptedAnswer":{"@type":"Answer","text":"Tak, stosujemy nowoczesne systemy zabezpiecze\u0144 i okucia wysokiej jako\u015bci, kt\u00f3re minimalizuj\u0105 ryzyko zaci\u0119\u0107 lub przypadkowego zamkni\u0119cia drzwi. Mo\u017cemy tak\u017ce zaproponowa\u0107 dodatkowe rozwi\u0105zania chroni\u0105ce najm\u0142odszych u\u017cytkownik\u00f3w.","inLanguage":"de"},"inLanguage":"de"},{"@type":"Question","@id":"https:\/\/verlani.com\/meble-kuchenne\/#faq-question-1770722203930","position":5,"url":"https:\/\/verlani.com\/meble-kuchenne\/#faq-question-1770722203930","name":"Czy mog\u0119 zobaczy\u0107 projekt swojej kuchni przed rozpocz\u0119ciem produkcji?","answerCount":1,"acceptedAnswer":{"@type":"Answer","text":"Tak, ka\u017cdy projekt jest przedstawiany w formie wizualizacji 3D, dzi\u0119ki czemu Klienci mog\u0105 zobaczy\u0107, jak kuchnia b\u0119dzie wygl\u0105da\u0142a w rzeczywisto\u015bci i nanie\u015b\u0107 ewentualne zmiany przed rozpocz\u0119ciem produkcji.","inLanguage":"de"},"inLanguage":"de"}]}},"_links":{"self":[{"href":"https:\/\/verlani.com\/de\/wp-json\/wp\/v2\/pages\/366","targetHints":{"allow":["GET"]}}],"collection":[{"href":"https:\/\/verlani.com\/de\/wp-json\/wp\/v2\/pages"}],"about":[{"href":"https:\/\/verlani.com\/de\/wp-json\/wp\/v2\/types\/page"}],"author":[{"embeddable":true,"href":"https:\/\/verlani.com\/de\/wp-json\/wp\/v2\/users\/1"}],"replies":[{"embeddable":true,"href":"https:\/\/verlani.com\/de\/wp-json\/wp\/v2\/comments?post=366"}],"version-history":[{"count":14,"href":"https:\/\/verlani.com\/de\/wp-json\/wp\/v2\/pages\/366\/revisions"}],"predecessor-version":[{"id":3189,"href":"https:\/\/verlani.com\/de\/wp-json\/wp\/v2\/pages\/366\/revisions\/3189"}],"wp:featuredmedia":[{"embeddable":true,"href":"https:\/\/verlani.com\/de\/wp-json\/wp\/v2\/media\/2140"}],"wp:attachment":[{"href":"https:\/\/verlani.com\/de\/wp-json\/wp\/v2\/media?parent=366"}],"curies":[{"name":"wp","href":"https:\/\/api.w.org\/{rel}","templated":true}]}}