{"id":368,"date":"2022-10-06T16:26:14","date_gmt":"2022-10-06T14:26:14","guid":{"rendered":"https:\/\/verlani.com\/?page_id=368"},"modified":"2026-02-10T12:26:07","modified_gmt":"2026-02-10T11:26:07","slug":"szafy-wnekowe","status":"publish","type":"page","link":"https:\/\/verlani.com\/de\/szafy-wnekowe\/","title":{"rendered":"Wandschr\u00e4nke"},"content":{"rendered":"<p>Erg\u00e4nzung von unserem Angebot der K\u00fcchenm\u00f6bel stellen die Wandschr\u00e4nke und r\u00e4umliche Ankleider\u00e4ume dar. Dank der genauen Messungen bilden wir Schr\u00e4nke, die den Raum v\u00f6llig bewirtschaften lassen, indem sie den Raum noch mehr funktional machen. Hohe Qualit\u00e4t der Stoffe und moderne Systeme der Schiebet\u00fcren tragen dazu bei, dass unsere Schr\u00e4nke eine optimale L\u00f6sung f\u00fcr Personen sind, die die Bequemlichkeit und \u00c4sthetik sch\u00e4tzen.<\/p>\n\n\n<style>#kt-layout-id_d8295b-05 > .kt-row-column-wrap{align-content:start;}:where(#kt-layout-id_d8295b-05 > .kt-row-column-wrap) > .wp-block-kadence-column{justify-content:start;}#kt-layout-id_d8295b-05 > .kt-row-column-wrap{column-gap:var(--global-kb-gap-md, 2rem);row-gap:var(--global-kb-gap-md, 2rem);padding-top:var( --global-kb-row-default-top, 25px );padding-bottom:var( --global-kb-row-default-bottom, 25px );padding-top:var(--global-kb-spacing-sm, 1.5rem);padding-bottom:var(--global-kb-spacing-sm, 1.5rem);}#kt-layout-id_d8295b-05 > .kt-row-column-wrap > div:not(.added-for-specificity){grid-column:initial;}#kt-layout-id_d8295b-05 > .kt-row-column-wrap{grid-template-columns:repeat(3, minmax(0, 1fr));}#kt-layout-id_d8295b-05 > .kt-row-layout-overlay{opacity:0.30;}@media all and (max-width: 1024px){#kt-layout-id_d8295b-05 > .kt-row-column-wrap > div:not(.added-for-specificity){grid-column:initial;}}@media all and (max-width: 1024px){#kt-layout-id_d8295b-05 > .kt-row-column-wrap{grid-template-columns:repeat(3, minmax(0, 1fr));}}@media all and (max-width: 767px){#kt-layout-id_d8295b-05 > .kt-row-column-wrap > div:not(.added-for-specificity){grid-column:initial;}#kt-layout-id_d8295b-05 > .kt-row-column-wrap{grid-template-columns:minmax(0, 1fr);}}<\/style>\n<div class=\"wp-block-kadence-rowlayout alignnone\"><div id=\"kt-layout-id_d8295b-05\" class=\"kt-row-layout-inner kt-layout-id_d8295b-05\"><div class=\"kt-row-column-wrap kt-has-3-columns kt-gutter-default kt-v-gutter-default kt-row-valign-top kt-row-layout-equal kt-tab-layout-inherit kt-m-colapse-left-to-right kt-mobile-layout-row\"><style>.kadence-column_275412-5e > .kt-inside-inner-col{border-top-width:0px;border-right-width:0px;border-bottom-width:0px;border-left-width:0px;}.kadence-column_275412-5e > .kt-inside-inner-col,.kadence-column_275412-5e > .kt-inside-inner-col:before{border-top-left-radius:0px;border-top-right-radius:0px;border-bottom-right-radius:0px;border-bottom-left-radius:0px;}.kadence-column_275412-5e > .kt-inside-inner-col{column-gap:var(--global-kb-gap-sm, 1rem);}.kadence-column_275412-5e > .kt-inside-inner-col{flex-direction:column;}.kadence-column_275412-5e > .kt-inside-inner-col > .aligncenter{width:100%;}.kadence-column_275412-5e > .kt-inside-inner-col:before{opacity:0.3;}.kadence-column_275412-5e{position:relative;}@media all and (max-width: 1024px){.kadence-column_275412-5e > .kt-inside-inner-col{flex-direction:column;justify-content:center;}}@media all and (max-width: 767px){.kadence-column_275412-5e > .kt-inside-inner-col{flex-direction:column;justify-content:center;}}<\/style>\n<div class=\"wp-block-kadence-column inner-column-1 kadence-column_275412-5e\"><div class=\"kt-inside-inner-col\">\n<figure class=\"wp-block-image size-full\"><img loading=\"lazy\" decoding=\"async\" width=\"500\" height=\"500\" src=\"https:\/\/verlani.com\/wp-content\/uploads\/2022\/10\/1-min-2.jpg\" alt=\"\" class=\"wp-image-445\"\/><\/figure>\n<\/div><\/div>\n\n\n<style>.kadence-column_35b48a-8c > .kt-inside-inner-col{border-top-width:0px;border-right-width:0px;border-bottom-width:0px;border-left-width:0px;}.kadence-column_35b48a-8c > .kt-inside-inner-col,.kadence-column_35b48a-8c > .kt-inside-inner-col:before{border-top-left-radius:0px;border-top-right-radius:0px;border-bottom-right-radius:0px;border-bottom-left-radius:0px;}.kadence-column_35b48a-8c > .kt-inside-inner-col{column-gap:var(--global-kb-gap-sm, 1rem);}.kadence-column_35b48a-8c > .kt-inside-inner-col{flex-direction:column;}.kadence-column_35b48a-8c > .kt-inside-inner-col > .aligncenter{width:100%;}.kadence-column_35b48a-8c > .kt-inside-inner-col:before{opacity:0.3;}.kadence-column_35b48a-8c{position:relative;}@media all and (max-width: 1024px){.kadence-column_35b48a-8c > .kt-inside-inner-col{flex-direction:column;justify-content:center;}}@media all and (max-width: 767px){.kadence-column_35b48a-8c > .kt-inside-inner-col{flex-direction:column;justify-content:center;}}<\/style>\n<div class=\"wp-block-kadence-column inner-column-2 kadence-column_35b48a-8c\"><div class=\"kt-inside-inner-col\">\n<figure class=\"wp-block-image size-full\"><img loading=\"lazy\" decoding=\"async\" width=\"500\" height=\"500\" src=\"https:\/\/verlani.com\/wp-content\/uploads\/2022\/10\/6-min-2.jpg\" alt=\"\" class=\"wp-image-452\"\/><\/figure>\n<\/div><\/div>\n\n\n<style>.kadence-column_087c97-d4 > .kt-inside-inner-col{border-top-width:0px;border-right-width:0px;border-bottom-width:0px;border-left-width:0px;}.kadence-column_087c97-d4 > .kt-inside-inner-col,.kadence-column_087c97-d4 > .kt-inside-inner-col:before{border-top-left-radius:0px;border-top-right-radius:0px;border-bottom-right-radius:0px;border-bottom-left-radius:0px;}.kadence-column_087c97-d4 > .kt-inside-inner-col{column-gap:var(--global-kb-gap-sm, 1rem);}.kadence-column_087c97-d4 > .kt-inside-inner-col{flex-direction:column;}.kadence-column_087c97-d4 > .kt-inside-inner-col > .aligncenter{width:100%;}.kadence-column_087c97-d4 > .kt-inside-inner-col:before{opacity:0.3;}.kadence-column_087c97-d4{position:relative;}@media all and (max-width: 1024px){.kadence-column_087c97-d4 > .kt-inside-inner-col{flex-direction:column;justify-content:center;}}@media all and (max-width: 767px){.kadence-column_087c97-d4 > .kt-inside-inner-col{flex-direction:column;justify-content:center;}}<\/style>\n<div class=\"wp-block-kadence-column inner-column-3 kadence-column_087c97-d4\"><div class=\"kt-inside-inner-col\">\n<figure class=\"wp-block-image size-full\"><img loading=\"lazy\" decoding=\"async\" width=\"500\" height=\"500\" src=\"https:\/\/verlani.com\/wp-content\/uploads\/2022\/10\/4-min-4.jpg\" alt=\"\" class=\"wp-image-455\"\/><\/figure>\n<\/div><\/div>\n<\/div><\/div><\/div>\n\n\n<style>.wp-block-kadence-spacer.kt-block-spacer-_d19aa9-c1 .kt-block-spacer{height:60px;}.wp-block-kadence-spacer.kt-block-spacer-_d19aa9-c1 .kt-divider{border-top-width:1px;height:1px;border-top-color:#eee;width:100%;border-top-style:solid;}<\/style>\n<div class=\"wp-block-kadence-spacer aligncenter kt-block-spacer-_d19aa9-c1\"><div class=\"kt-block-spacer kt-block-spacer-halign-center\"><hr class=\"kt-divider\"\/><\/div><\/div>\n\n\n\n<p style=\"text-align: center;\">Die Einbauschr\u00e4nke, Nischenbebauuug, Garderoben<\/p>\n<p style=\"text-align: center;\">\u00a0 Hoche Qualit\u00e4t<\/p>\n<p style=\"text-align: center;\">\u00a0 Gute Preise<\/p>\n<p style=\"text-align: center;\">Angebot in unseren Salons VERLANI (Adressen im Bookmark<a href=\"https:\/\/verlani.com\/de\/kontakt\/\"><span style=\"color: #de0d0d;\"><strong> \u201eUnsere Salons\u201d<\/strong><\/span><\/a>)<\/p>\n<p style=\"text-align: center;\">\u00a0<\/p>\n<p>\u00a0<\/p>","protected":false},"excerpt":{"rendered":"<p>Erg\u00e4nzung von unserem Angebot der K\u00fcchenm\u00f6bel stellen die Wandschr\u00e4nke und r\u00e4umliche Ankleider\u00e4ume dar. Dank der genauen Messungen bilden wir Schr\u00e4nke, die den Raum v\u00f6llig bewirtschaften lassen, indem sie [&hellip;]<\/p>\n","protected":false},"author":1,"featured_media":2140,"parent":0,"menu_order":0,"comment_status":"closed","ping_status":"closed","template":"","meta":{"_acf_changed":false,"ngg_post_thumbnail":0,"footnotes":""},"class_list":["post-368","page","type-page","status-publish","has-post-thumbnail","hentry"],"acf":[],"yoast_head":"<!-- This site is optimized with the Yoast SEO plugin v27.3 - https:\/\/yoast.com\/product\/yoast-seo-wordpress\/ -->\n<title>Szafy wn\u0119kowe na wymiar \u2013 Szczecin, Stargard | VERLANI<\/title>\n<meta name=\"description\" content=\"Szukasz rozwi\u0105zania, aby maksymalnie wykorzysta\u0107 przestrze\u0144 w domu lub biurze? Je\u015bli tak, to doskonale sprawdz\u0105 si\u0119 nasze szafy wn\u0119kowe tworzone na wymiar.\" \/>\n<meta name=\"robots\" content=\"index, follow, max-snippet:-1, max-image-preview:large, max-video-preview:-1\" \/>\n<link rel=\"canonical\" href=\"https:\/\/verlani.com\/szafy-wnekowe\/\" \/>\n<meta property=\"og:locale\" content=\"de_DE\" \/>\n<meta property=\"og:type\" content=\"article\" \/>\n<meta property=\"og:title\" content=\"Szafy wn\u0119kowe na wymiar \u2013 Szczecin, Stargard | VERLANI\" \/>\n<meta property=\"og:description\" content=\"Szukasz rozwi\u0105zania, aby maksymalnie wykorzysta\u0107 przestrze\u0144 w domu lub biurze? Je\u015bli tak, to doskonale sprawdz\u0105 si\u0119 nasze szafy wn\u0119kowe tworzone na wymiar.\" \/>\n<meta property=\"og:url\" content=\"https:\/\/verlani.com\/szafy-wnekowe\/\" \/>\n<meta property=\"og:site_name\" content=\"Verlani\" \/>\n<meta property=\"article:modified_time\" content=\"2026-02-10T11:26:07+00:00\" \/>\n<meta property=\"og:image\" content=\"https:\/\/verlani.com\/wp-content\/uploads\/2023\/01\/pageheader_1.jpg\" \/>\n\t<meta property=\"og:image:width\" content=\"1400\" \/>\n\t<meta property=\"og:image:height\" content=\"235\" \/>\n\t<meta property=\"og:image:type\" content=\"image\/jpeg\" \/>\n<meta name=\"twitter:card\" content=\"summary_large_image\" \/>\n<script type=\"application\/ld+json\" class=\"yoast-schema-graph\">{\"@context\":\"https:\\\/\\\/schema.org\",\"@graph\":[{\"@type\":[\"WebPage\",\"FAQPage\"],\"@id\":\"https:\\\/\\\/verlani.com\\\/szafy-wnekowe\\\/\",\"url\":\"https:\\\/\\\/verlani.com\\\/szafy-wnekowe\\\/\",\"name\":\"Szafy wn\u0119kowe na wymiar \u2013 Szczecin, Stargard | VERLANI\",\"isPartOf\":{\"@id\":\"https:\\\/\\\/verlani.com\\\/#website\"},\"primaryImageOfPage\":{\"@id\":\"https:\\\/\\\/verlani.com\\\/szafy-wnekowe\\\/#primaryimage\"},\"image\":{\"@id\":\"https:\\\/\\\/verlani.com\\\/szafy-wnekowe\\\/#primaryimage\"},\"thumbnailUrl\":\"https:\\\/\\\/verlani.com\\\/wp-content\\\/uploads\\\/2023\\\/01\\\/pageheader_1.jpg\",\"datePublished\":\"2022-10-06T14:26:14+00:00\",\"dateModified\":\"2026-02-10T11:26:07+00:00\",\"description\":\"Szukasz rozwi\u0105zania, aby maksymalnie wykorzysta\u0107 przestrze\u0144 w domu lub biurze? Je\u015bli tak, to doskonale sprawdz\u0105 si\u0119 nasze szafy wn\u0119kowe tworzone na wymiar.\",\"breadcrumb\":{\"@id\":\"https:\\\/\\\/verlani.com\\\/szafy-wnekowe\\\/#breadcrumb\"},\"mainEntity\":[{\"@id\":\"https:\\\/\\\/verlani.com\\\/szafy-wnekowe\\\/#faq-question-1770722728963\"},{\"@id\":\"https:\\\/\\\/verlani.com\\\/szafy-wnekowe\\\/#faq-question-1770722738495\"},{\"@id\":\"https:\\\/\\\/verlani.com\\\/szafy-wnekowe\\\/#faq-question-1770722744849\"},{\"@id\":\"https:\\\/\\\/verlani.com\\\/szafy-wnekowe\\\/#faq-question-1770722751642\"},{\"@id\":\"https:\\\/\\\/verlani.com\\\/szafy-wnekowe\\\/#faq-question-1770722757802\"}],\"inLanguage\":\"de\",\"potentialAction\":[{\"@type\":\"ReadAction\",\"target\":[\"https:\\\/\\\/verlani.com\\\/szafy-wnekowe\\\/\"]}]},{\"@type\":\"ImageObject\",\"inLanguage\":\"de\",\"@id\":\"https:\\\/\\\/verlani.com\\\/szafy-wnekowe\\\/#primaryimage\",\"url\":\"https:\\\/\\\/verlani.com\\\/wp-content\\\/uploads\\\/2023\\\/01\\\/pageheader_1.jpg\",\"contentUrl\":\"https:\\\/\\\/verlani.com\\\/wp-content\\\/uploads\\\/2023\\\/01\\\/pageheader_1.jpg\",\"width\":1400,\"height\":235},{\"@type\":\"BreadcrumbList\",\"@id\":\"https:\\\/\\\/verlani.com\\\/szafy-wnekowe\\\/#breadcrumb\",\"itemListElement\":[{\"@type\":\"ListItem\",\"position\":1,\"name\":\"Strona g\u0142\u00f3wna\",\"item\":\"https:\\\/\\\/verlani.com\\\/\"},{\"@type\":\"ListItem\",\"position\":2,\"name\":\"Szafy wn\u0119kowe na wymiar \u2013 Szczecin\"}]},{\"@type\":\"WebSite\",\"@id\":\"https:\\\/\\\/verlani.com\\\/#website\",\"url\":\"https:\\\/\\\/verlani.com\\\/\",\"name\":\"Verlani\",\"description\":\"\",\"alternateName\":\"Meble kuchenne Verlani\",\"potentialAction\":[{\"@type\":\"SearchAction\",\"target\":{\"@type\":\"EntryPoint\",\"urlTemplate\":\"https:\\\/\\\/verlani.com\\\/?s={search_term_string}\"},\"query-input\":{\"@type\":\"PropertyValueSpecification\",\"valueRequired\":true,\"valueName\":\"search_term_string\"}}],\"inLanguage\":\"de\"},{\"@type\":\"Question\",\"@id\":\"https:\\\/\\\/verlani.com\\\/szafy-wnekowe\\\/#faq-question-1770722728963\",\"position\":1,\"url\":\"https:\\\/\\\/verlani.com\\\/szafy-wnekowe\\\/#faq-question-1770722728963\",\"name\":\"Dlaczego warto wybra\u0107 szaf\u0119 na wymiar zamiast gotowego mebla?\",\"answerCount\":1,\"acceptedAnswer\":{\"@type\":\"Answer\",\"text\":\"Szafy na wymiar pozwalaj\u0105 maksymalnie wykorzysta\u0107 dost\u0119pn\u0105 przestrze\u0144, dostosowa\u0107 uk\u0142ad p\u00f3\u0142ek i dr\u0105\u017ck\u00f3w do w\u0142asnych potrzeb oraz idealnie dopasowa\u0107 wygl\u0105d do aran\u017cacji wn\u0119trza. S\u0105 szczeg\u00f3lnie przydatne w pomieszczeniach o nietypowych wymiarach lub wn\u0119kach.\",\"inLanguage\":\"de\"},\"inLanguage\":\"de\"},{\"@type\":\"Question\",\"@id\":\"https:\\\/\\\/verlani.com\\\/szafy-wnekowe\\\/#faq-question-1770722738495\",\"position\":2,\"url\":\"https:\\\/\\\/verlani.com\\\/szafy-wnekowe\\\/#faq-question-1770722738495\",\"name\":\"Czy mo\u017cna zmieni\u0107 uk\u0142ad p\u00f3\u0142ek i szuflad po wykonaniu szafy?\",\"answerCount\":1,\"acceptedAnswer\":{\"@type\":\"Answer\",\"text\":\"W przypadku szaf modu\u0142owych mo\u017cliwe jest wprowadzanie zmian w uk\u0142adzie wewn\u0119trznym. Szafy standardowe oferuj\u0105 mo\u017cliwo\u015b\u0107 dopasowania wn\u0119trza podczas projektowania, ale p\u00f3\u017aniejsze zmiany mog\u0105 wymaga\u0107 przer\u00f3bek.\",\"inLanguage\":\"de\"},\"inLanguage\":\"de\"},{\"@type\":\"Question\",\"@id\":\"https:\\\/\\\/verlani.com\\\/szafy-wnekowe\\\/#faq-question-1770722744849\",\"position\":3,\"url\":\"https:\\\/\\\/verlani.com\\\/szafy-wnekowe\\\/#faq-question-1770722744849\",\"name\":\"Jakie materia\u0142y s\u0105 wykorzystywane do produkcji szaf wn\u0119kowych?\",\"answerCount\":1,\"acceptedAnswer\":{\"@type\":\"Answer\",\"text\":\"Stosujemy wytrzyma\u0142e p\u0142yty laminowane, MDF oraz drewno, zabezpieczone pow\u0142okami odpornymi na zarysowania, wilgo\u0107 i wysok\u0105 temperatur\u0119. Korpusy i prowadnice wykonane s\u0105 z materia\u0142\u00f3w zapewniaj\u0105cych trwa\u0142o\u015b\u0107 i stabilno\u015b\u0107 mebla.\",\"inLanguage\":\"de\"},\"inLanguage\":\"de\"},{\"@type\":\"Question\",\"@id\":\"https:\\\/\\\/verlani.com\\\/szafy-wnekowe\\\/#faq-question-1770722751642\",\"position\":4,\"url\":\"https:\\\/\\\/verlani.com\\\/szafy-wnekowe\\\/#faq-question-1770722751642\",\"name\":\"Czy szafy na wymiar s\u0105 odpowiednie do ma\u0142ych mieszka\u0144?\",\"answerCount\":1,\"acceptedAnswer\":{\"@type\":\"Answer\",\"text\":\"Tak. Dzi\u0119ki precyzyjnemu dopasowaniu do dost\u0119pnej przestrzeni oraz mo\u017cliwo\u015bci stosowania drzwi przesuwnych i luster szafy wn\u0119kowe optycznie powi\u0119kszaj\u0105 wn\u0119trze i umo\u017cliwiaj\u0105 funkcjonalne wykorzystanie ka\u017cdego centymetra.\",\"inLanguage\":\"de\"},\"inLanguage\":\"de\"},{\"@type\":\"Question\",\"@id\":\"https:\\\/\\\/verlani.com\\\/szafy-wnekowe\\\/#faq-question-1770722757802\",\"position\":5,\"url\":\"https:\\\/\\\/verlani.com\\\/szafy-wnekowe\\\/#faq-question-1770722757802\",\"name\":\"Czy mog\u0119 wybra\u0107 drzwi i fronty szafy wed\u0142ug w\u0142asnego gustu?\",\"answerCount\":1,\"acceptedAnswer\":{\"@type\":\"Answer\",\"text\":\"Oczywi\u015bcie. Oferujemy szeroki wyb\u00f3r materia\u0142\u00f3w, kolor\u00f3w, wyko\u0144cze\u0144 oraz system\u00f3w drzwi \u2013 przesuwnych, uchylnych czy automatycznych \u2013 co pozwala dopasowa\u0107 szaf\u0119 do ca\u0142ego wn\u0119trza.\",\"inLanguage\":\"de\"},\"inLanguage\":\"de\"}]}<\/script>\n<!-- \/ Yoast SEO plugin. -->","yoast_head_json":{"title":"Szafy wn\u0119kowe na wymiar \u2013 Szczecin, Stargard | VERLANI","description":"Szukasz rozwi\u0105zania, aby maksymalnie wykorzysta\u0107 przestrze\u0144 w domu lub biurze? Je\u015bli tak, to doskonale sprawdz\u0105 si\u0119 nasze szafy wn\u0119kowe tworzone na wymiar.","robots":{"index":"index","follow":"follow","max-snippet":"max-snippet:-1","max-image-preview":"max-image-preview:large","max-video-preview":"max-video-preview:-1"},"canonical":"https:\/\/verlani.com\/szafy-wnekowe\/","og_locale":"de_DE","og_type":"article","og_title":"Szafy wn\u0119kowe na wymiar \u2013 Szczecin, Stargard | VERLANI","og_description":"Szukasz rozwi\u0105zania, aby maksymalnie wykorzysta\u0107 przestrze\u0144 w domu lub biurze? Je\u015bli tak, to doskonale sprawdz\u0105 si\u0119 nasze szafy wn\u0119kowe tworzone na wymiar.","og_url":"https:\/\/verlani.com\/szafy-wnekowe\/","og_site_name":"Verlani","article_modified_time":"2026-02-10T11:26:07+00:00","og_image":[{"width":1400,"height":235,"url":"https:\/\/verlani.com\/wp-content\/uploads\/2023\/01\/pageheader_1.jpg","type":"image\/jpeg"}],"twitter_card":"summary_large_image","schema":{"@context":"https:\/\/schema.org","@graph":[{"@type":["WebPage","FAQPage"],"@id":"https:\/\/verlani.com\/szafy-wnekowe\/","url":"https:\/\/verlani.com\/szafy-wnekowe\/","name":"Szafy wn\u0119kowe na wymiar \u2013 Szczecin, Stargard | VERLANI","isPartOf":{"@id":"https:\/\/verlani.com\/#website"},"primaryImageOfPage":{"@id":"https:\/\/verlani.com\/szafy-wnekowe\/#primaryimage"},"image":{"@id":"https:\/\/verlani.com\/szafy-wnekowe\/#primaryimage"},"thumbnailUrl":"https:\/\/verlani.com\/wp-content\/uploads\/2023\/01\/pageheader_1.jpg","datePublished":"2022-10-06T14:26:14+00:00","dateModified":"2026-02-10T11:26:07+00:00","description":"Szukasz rozwi\u0105zania, aby maksymalnie wykorzysta\u0107 przestrze\u0144 w domu lub biurze? Je\u015bli tak, to doskonale sprawdz\u0105 si\u0119 nasze szafy wn\u0119kowe tworzone na wymiar.","breadcrumb":{"@id":"https:\/\/verlani.com\/szafy-wnekowe\/#breadcrumb"},"mainEntity":[{"@id":"https:\/\/verlani.com\/szafy-wnekowe\/#faq-question-1770722728963"},{"@id":"https:\/\/verlani.com\/szafy-wnekowe\/#faq-question-1770722738495"},{"@id":"https:\/\/verlani.com\/szafy-wnekowe\/#faq-question-1770722744849"},{"@id":"https:\/\/verlani.com\/szafy-wnekowe\/#faq-question-1770722751642"},{"@id":"https:\/\/verlani.com\/szafy-wnekowe\/#faq-question-1770722757802"}],"inLanguage":"de","potentialAction":[{"@type":"ReadAction","target":["https:\/\/verlani.com\/szafy-wnekowe\/"]}]},{"@type":"ImageObject","inLanguage":"de","@id":"https:\/\/verlani.com\/szafy-wnekowe\/#primaryimage","url":"https:\/\/verlani.com\/wp-content\/uploads\/2023\/01\/pageheader_1.jpg","contentUrl":"https:\/\/verlani.com\/wp-content\/uploads\/2023\/01\/pageheader_1.jpg","width":1400,"height":235},{"@type":"BreadcrumbList","@id":"https:\/\/verlani.com\/szafy-wnekowe\/#breadcrumb","itemListElement":[{"@type":"ListItem","position":1,"name":"Strona g\u0142\u00f3wna","item":"https:\/\/verlani.com\/"},{"@type":"ListItem","position":2,"name":"Szafy wn\u0119kowe na wymiar \u2013 Szczecin"}]},{"@type":"WebSite","@id":"https:\/\/verlani.com\/#website","url":"https:\/\/verlani.com\/","name":"Verlani","description":"","alternateName":"Meble kuchenne Verlani","potentialAction":[{"@type":"SearchAction","target":{"@type":"EntryPoint","urlTemplate":"https:\/\/verlani.com\/?s={search_term_string}"},"query-input":{"@type":"PropertyValueSpecification","valueRequired":true,"valueName":"search_term_string"}}],"inLanguage":"de"},{"@type":"Question","@id":"https:\/\/verlani.com\/szafy-wnekowe\/#faq-question-1770722728963","position":1,"url":"https:\/\/verlani.com\/szafy-wnekowe\/#faq-question-1770722728963","name":"Dlaczego warto wybra\u0107 szaf\u0119 na wymiar zamiast gotowego mebla?","answerCount":1,"acceptedAnswer":{"@type":"Answer","text":"Szafy na wymiar pozwalaj\u0105 maksymalnie wykorzysta\u0107 dost\u0119pn\u0105 przestrze\u0144, dostosowa\u0107 uk\u0142ad p\u00f3\u0142ek i dr\u0105\u017ck\u00f3w do w\u0142asnych potrzeb oraz idealnie dopasowa\u0107 wygl\u0105d do aran\u017cacji wn\u0119trza. S\u0105 szczeg\u00f3lnie przydatne w pomieszczeniach o nietypowych wymiarach lub wn\u0119kach.","inLanguage":"de"},"inLanguage":"de"},{"@type":"Question","@id":"https:\/\/verlani.com\/szafy-wnekowe\/#faq-question-1770722738495","position":2,"url":"https:\/\/verlani.com\/szafy-wnekowe\/#faq-question-1770722738495","name":"Czy mo\u017cna zmieni\u0107 uk\u0142ad p\u00f3\u0142ek i szuflad po wykonaniu szafy?","answerCount":1,"acceptedAnswer":{"@type":"Answer","text":"W przypadku szaf modu\u0142owych mo\u017cliwe jest wprowadzanie zmian w uk\u0142adzie wewn\u0119trznym. Szafy standardowe oferuj\u0105 mo\u017cliwo\u015b\u0107 dopasowania wn\u0119trza podczas projektowania, ale p\u00f3\u017aniejsze zmiany mog\u0105 wymaga\u0107 przer\u00f3bek.","inLanguage":"de"},"inLanguage":"de"},{"@type":"Question","@id":"https:\/\/verlani.com\/szafy-wnekowe\/#faq-question-1770722744849","position":3,"url":"https:\/\/verlani.com\/szafy-wnekowe\/#faq-question-1770722744849","name":"Jakie materia\u0142y s\u0105 wykorzystywane do produkcji szaf wn\u0119kowych?","answerCount":1,"acceptedAnswer":{"@type":"Answer","text":"Stosujemy wytrzyma\u0142e p\u0142yty laminowane, MDF oraz drewno, zabezpieczone pow\u0142okami odpornymi na zarysowania, wilgo\u0107 i wysok\u0105 temperatur\u0119. Korpusy i prowadnice wykonane s\u0105 z materia\u0142\u00f3w zapewniaj\u0105cych trwa\u0142o\u015b\u0107 i stabilno\u015b\u0107 mebla.","inLanguage":"de"},"inLanguage":"de"},{"@type":"Question","@id":"https:\/\/verlani.com\/szafy-wnekowe\/#faq-question-1770722751642","position":4,"url":"https:\/\/verlani.com\/szafy-wnekowe\/#faq-question-1770722751642","name":"Czy szafy na wymiar s\u0105 odpowiednie do ma\u0142ych mieszka\u0144?","answerCount":1,"acceptedAnswer":{"@type":"Answer","text":"Tak. Dzi\u0119ki precyzyjnemu dopasowaniu do dost\u0119pnej przestrzeni oraz mo\u017cliwo\u015bci stosowania drzwi przesuwnych i luster szafy wn\u0119kowe optycznie powi\u0119kszaj\u0105 wn\u0119trze i umo\u017cliwiaj\u0105 funkcjonalne wykorzystanie ka\u017cdego centymetra.","inLanguage":"de"},"inLanguage":"de"},{"@type":"Question","@id":"https:\/\/verlani.com\/szafy-wnekowe\/#faq-question-1770722757802","position":5,"url":"https:\/\/verlani.com\/szafy-wnekowe\/#faq-question-1770722757802","name":"Czy mog\u0119 wybra\u0107 drzwi i fronty szafy wed\u0142ug w\u0142asnego gustu?","answerCount":1,"acceptedAnswer":{"@type":"Answer","text":"Oczywi\u015bcie. Oferujemy szeroki wyb\u00f3r materia\u0142\u00f3w, kolor\u00f3w, wyko\u0144cze\u0144 oraz system\u00f3w drzwi \u2013 przesuwnych, uchylnych czy automatycznych \u2013 co pozwala dopasowa\u0107 szaf\u0119 do ca\u0142ego wn\u0119trza.","inLanguage":"de"},"inLanguage":"de"}]}},"_links":{"self":[{"href":"https:\/\/verlani.com\/de\/wp-json\/wp\/v2\/pages\/368","targetHints":{"allow":["GET"]}}],"collection":[{"href":"https:\/\/verlani.com\/de\/wp-json\/wp\/v2\/pages"}],"about":[{"href":"https:\/\/verlani.com\/de\/wp-json\/wp\/v2\/types\/page"}],"author":[{"embeddable":true,"href":"https:\/\/verlani.com\/de\/wp-json\/wp\/v2\/users\/1"}],"replies":[{"embeddable":true,"href":"https:\/\/verlani.com\/de\/wp-json\/wp\/v2\/comments?post=368"}],"version-history":[{"count":20,"href":"https:\/\/verlani.com\/de\/wp-json\/wp\/v2\/pages\/368\/revisions"}],"predecessor-version":[{"id":3197,"href":"https:\/\/verlani.com\/de\/wp-json\/wp\/v2\/pages\/368\/revisions\/3197"}],"wp:featuredmedia":[{"embeddable":true,"href":"https:\/\/verlani.com\/de\/wp-json\/wp\/v2\/media\/2140"}],"wp:attachment":[{"href":"https:\/\/verlani.com\/de\/wp-json\/wp\/v2\/media?parent=368"}],"curies":[{"name":"wp","href":"https:\/\/api.w.org\/{rel}","templated":true}]}}