{"id":373,"date":"2022-10-06T16:53:12","date_gmt":"2022-10-06T14:53:12","guid":{"rendered":"https:\/\/verlani.com\/?page_id=373"},"modified":"2024-05-12T21:27:38","modified_gmt":"2024-05-12T19:27:38","slug":"o-nas","status":"publish","type":"page","link":"https:\/\/verlani.com\/de\/o-nas\/","title":{"rendered":"\u00dcber uns"},"content":{"rendered":"<style>.kb-row-layout-id373_735d55-b9 > .kt-row-column-wrap{align-content:start;}:where(.kb-row-layout-id373_735d55-b9 > .kt-row-column-wrap) > .wp-block-kadence-column{justify-content:start;}.kb-row-layout-id373_735d55-b9 > .kt-row-column-wrap{column-gap:40px;row-gap:var(--global-kb-gap-md, 2rem);padding-top:var(--global-kb-spacing-sm, 1.5rem);padding-bottom:var(--global-kb-spacing-sm, 1.5rem);grid-template-columns:minmax(0, calc(35% - ((40px * 1 )\/2)))minmax(0, calc(65% - ((40px * 1 )\/2)));}.kb-row-layout-id373_735d55-b9 > .kt-row-layout-overlay{opacity:0.30;}@media all and (max-width: 1024px){.kb-row-layout-id373_735d55-b9 > .kt-row-column-wrap{grid-template-columns:repeat(2, minmax(0, 1fr));}}@media all and (max-width: 767px){.kb-row-layout-id373_735d55-b9 > .kt-row-column-wrap{grid-template-columns:minmax(0, 1fr);}}<\/style><div class=\"kb-row-layout-wrap kb-row-layout-id373_735d55-b9 alignnone wp-block-kadence-rowlayout\"><div class=\"kt-row-column-wrap kt-has-2-columns kt-row-layout-equal kt-tab-layout-inherit kt-mobile-layout-row kt-row-valign-top\">\n<style>.kadence-column373_dac070-4b > .kt-inside-inner-col,.kadence-column373_dac070-4b > .kt-inside-inner-col:before{border-top-left-radius:0px;border-top-right-radius:0px;border-bottom-right-radius:0px;border-bottom-left-radius:0px;}.kadence-column373_dac070-4b > .kt-inside-inner-col{column-gap:var(--global-kb-gap-sm, 1rem);}.kadence-column373_dac070-4b > .kt-inside-inner-col{flex-direction:column;}.kadence-column373_dac070-4b > .kt-inside-inner-col > .aligncenter{width:100%;}.kadence-column373_dac070-4b > .kt-inside-inner-col:before{opacity:0.3;}.kadence-column373_dac070-4b{position:relative;}@media all and (max-width: 1024px){.kadence-column373_dac070-4b > .kt-inside-inner-col{flex-direction:column;justify-content:center;}}@media all and (max-width: 767px){.kadence-column373_dac070-4b > .kt-inside-inner-col{flex-direction:column;justify-content:center;}}<\/style>\n<div class=\"wp-block-kadence-column kadence-column373_dac070-4b inner-column-1\"><div class=\"kt-inside-inner-col\">\n<figure class=\"wp-block-image size-full\"><img loading=\"lazy\" decoding=\"async\" width=\"500\" height=\"500\" src=\"https:\/\/verlani.com\/wp-content\/uploads\/2022\/10\/foto_oferta.jpg\" alt=\"\" class=\"wp-image-471\"\/><\/figure>\n<\/div><\/div>\n\n\n<style>.kadence-column373_542814-f8 > .kt-inside-inner-col,.kadence-column373_542814-f8 > .kt-inside-inner-col:before{border-top-left-radius:0px;border-top-right-radius:0px;border-bottom-right-radius:0px;border-bottom-left-radius:0px;}.kadence-column373_542814-f8 > .kt-inside-inner-col{column-gap:var(--global-kb-gap-sm, 1rem);}.kadence-column373_542814-f8 > .kt-inside-inner-col{flex-direction:column;}.kadence-column373_542814-f8 > .kt-inside-inner-col > .aligncenter{width:100%;}.kadence-column373_542814-f8 > .kt-inside-inner-col:before{opacity:0.3;}.kadence-column373_542814-f8{position:relative;}@media all and (max-width: 1024px){.kadence-column373_542814-f8 > .kt-inside-inner-col{flex-direction:column;justify-content:center;}}@media all and (max-width: 767px){.kadence-column373_542814-f8 > .kt-inside-inner-col{flex-direction:column;justify-content:center;}}<\/style>\n<div class=\"wp-block-kadence-column kadence-column373_542814-f8 inner-column-2\"><div class=\"kt-inside-inner-col\">\n<h2>Ma\u00dfgerechte K\u00fcchenm\u00f6bel<br>\u00dcber uns<\/h2>\n<p>Die Firma Verlani sp. z o.o. ist der Besitzer einer polnischen Marke von K\u00fcchenm\u00f6beln VERLANI und der Vertreiber von M\u00f6beln, sowie vom K\u00fcchen- und Wohnzimmerzubeh\u00f6r der italienischen Marke CALLIGARIS. Calligarisist Hersteller von u.a. Tischen, St\u00fchlen, Hockern, M\u00f6beln f\u00fcr Schlafzimmer sowie Sofas. DetailliertesAngebotfindenSieimLesezeichen MEBLE CALLIGARIS<\/p>\n<p>Wir besch\u00e4ftigen uns mit der K\u00fcchengestaltung, indem wir optimale Nutzung des Raumes sowie Bildung der funktionalen K\u00fcchenm\u00f6bel besonders ber\u00fccksichtigen.Unsere M\u00f6bel zeichnen sich durch hohe Qualit\u00e4t der zur Produktion angewandten Stoffe aus.Wir sind solide, ehrgeizig, und unser Handeln ist v\u00f6llig auf den Kundenbed\u00fcrfnissen konzentriert. Die Sorgfalt um jedes Detail tr\u00e4gt dazu bei, dass wir die ma\u00dfgerechten K\u00fcchenm\u00f6bel entwerfen, die h\u00f6chste Qualit\u00e4ts-, Funktionalit\u00e4ts- sowie Stilstandards erf\u00fcllen, die nicht nur dem Raum, sowohl auch den Bed\u00fcrfnissen ihrer besonderen Nutzer anpassen. Wir ermutigen Sie herzlich, sich mit unserem vollen Angebot vertraut zu machen, <a href=\"https:\/\/verlani.com\/de\/oferta\/\"><span style=\"color: #de0d0d;\"><strong>das die ma\u00dfgerechten K\u00fcchenm\u00f6bel<\/strong><\/span><\/a> umfasst.<\/p>\n<\/div><\/div>\n\n<\/div><\/div>\n\n<style>.wp-block-kadence-spacer.kt-block-spacer-373_688ec7-95 .kt-block-spacer{height:60px;}.wp-block-kadence-spacer.kt-block-spacer-373_688ec7-95 .kt-divider{border-top-width:1px;height:1px;border-top-color:#eee;width:100%;border-top-style:solid;}<\/style>\n<div class=\"wp-block-kadence-spacer aligncenter kt-block-spacer-373_688ec7-95\"><div class=\"kt-block-spacer kt-block-spacer-halign-center\"><hr class=\"kt-divider\"\/><\/div><\/div>\n\n\n\n<p style=\"text-align: center;\">Wir laden Sie zum <strong>Studio der K\u00fcchenm\u00f6bel VERLANI<\/strong> ein<\/p>\n<p style=\"text-align: center;\">Sitz der Firma:<\/p>\n<p style=\"text-align: center;\">Verlani sp. z o.o.<br>ul. Zimowa 18<br>70-807 Szczecin<br>NIP: 854-240-19-81<br>e-mail: kuchnie@verlani.pl<\/p>","protected":false},"excerpt":{"rendered":"<p>Ma\u00dfgerechte K\u00fcchenm\u00f6bel\u00dcber uns Die Firma Verlani sp. z o.o. ist der Besitzer einer polnischen Marke von K\u00fcchenm\u00f6beln VERLANI und der Vertreiber von M\u00f6beln, sowie vom K\u00fcchen- und Wohnzimmerzubeh\u00f6r [&hellip;]<\/p>\n","protected":false},"author":1,"featured_media":2140,"parent":0,"menu_order":0,"comment_status":"closed","ping_status":"closed","template":"","meta":{"_acf_changed":false,"ngg_post_thumbnail":0,"footnotes":""},"class_list":["post-373","page","type-page","status-publish","has-post-thumbnail","hentry"],"acf":[],"yoast_head":"<!-- This site is optimized with the Yoast SEO plugin v27.3 - https:\/\/yoast.com\/product\/yoast-seo-wordpress\/ -->\n<title>Meble VERLANI | Projektowanie i produkcja mebli kuchennych<\/title>\n<meta name=\"description\" content=\"Studio mebli kuchennych wykonywanych na zam\u00f3wienie prowadzi salony w Szczecinie, Gorzowie oraz Stargardzie. Zapewniamy dopasowanie projektu do potrzeb Klient\u00f3w.\" \/>\n<meta name=\"robots\" content=\"index, follow, max-snippet:-1, max-image-preview:large, max-video-preview:-1\" \/>\n<link rel=\"canonical\" href=\"https:\/\/verlani.com\/o-nas\/\" \/>\n<meta property=\"og:locale\" content=\"de_DE\" \/>\n<meta property=\"og:type\" content=\"article\" \/>\n<meta property=\"og:title\" content=\"Meble VERLANI | Projektowanie i produkcja mebli kuchennych\" \/>\n<meta property=\"og:description\" content=\"Studio mebli kuchennych wykonywanych na zam\u00f3wienie prowadzi salony w Szczecinie, Gorzowie oraz Stargardzie. Zapewniamy dopasowanie projektu do potrzeb Klient\u00f3w.\" \/>\n<meta property=\"og:url\" content=\"https:\/\/verlani.com\/o-nas\/\" \/>\n<meta property=\"og:site_name\" content=\"Verlani\" \/>\n<meta property=\"article:modified_time\" content=\"2024-05-12T19:27:38+00:00\" \/>\n<meta property=\"og:image\" content=\"https:\/\/verlani.com\/wp-content\/uploads\/2023\/01\/pageheader_1.jpg\" \/>\n\t<meta property=\"og:image:width\" content=\"1400\" \/>\n\t<meta property=\"og:image:height\" content=\"235\" \/>\n\t<meta property=\"og:image:type\" content=\"image\/jpeg\" \/>\n<meta name=\"twitter:card\" content=\"summary_large_image\" \/>\n<script type=\"application\/ld+json\" class=\"yoast-schema-graph\">{\"@context\":\"https:\\\/\\\/schema.org\",\"@graph\":[{\"@type\":\"WebPage\",\"@id\":\"https:\\\/\\\/verlani.com\\\/o-nas\\\/\",\"url\":\"https:\\\/\\\/verlani.com\\\/o-nas\\\/\",\"name\":\"Meble VERLANI | Projektowanie i produkcja mebli kuchennych\",\"isPartOf\":{\"@id\":\"https:\\\/\\\/verlani.com\\\/#website\"},\"primaryImageOfPage\":{\"@id\":\"https:\\\/\\\/verlani.com\\\/o-nas\\\/#primaryimage\"},\"image\":{\"@id\":\"https:\\\/\\\/verlani.com\\\/o-nas\\\/#primaryimage\"},\"thumbnailUrl\":\"https:\\\/\\\/verlani.com\\\/wp-content\\\/uploads\\\/2023\\\/01\\\/pageheader_1.jpg\",\"datePublished\":\"2022-10-06T14:53:12+00:00\",\"dateModified\":\"2024-05-12T19:27:38+00:00\",\"description\":\"Studio mebli kuchennych wykonywanych na zam\u00f3wienie prowadzi salony w Szczecinie, Gorzowie oraz Stargardzie. Zapewniamy dopasowanie projektu do potrzeb Klient\u00f3w.\",\"breadcrumb\":{\"@id\":\"https:\\\/\\\/verlani.com\\\/o-nas\\\/#breadcrumb\"},\"inLanguage\":\"de\",\"potentialAction\":[{\"@type\":\"ReadAction\",\"target\":[\"https:\\\/\\\/verlani.com\\\/o-nas\\\/\"]}]},{\"@type\":\"ImageObject\",\"inLanguage\":\"de\",\"@id\":\"https:\\\/\\\/verlani.com\\\/o-nas\\\/#primaryimage\",\"url\":\"https:\\\/\\\/verlani.com\\\/wp-content\\\/uploads\\\/2023\\\/01\\\/pageheader_1.jpg\",\"contentUrl\":\"https:\\\/\\\/verlani.com\\\/wp-content\\\/uploads\\\/2023\\\/01\\\/pageheader_1.jpg\",\"width\":1400,\"height\":235},{\"@type\":\"BreadcrumbList\",\"@id\":\"https:\\\/\\\/verlani.com\\\/o-nas\\\/#breadcrumb\",\"itemListElement\":[{\"@type\":\"ListItem\",\"position\":1,\"name\":\"Strona g\u0142\u00f3wna\",\"item\":\"https:\\\/\\\/verlani.com\\\/\"},{\"@type\":\"ListItem\",\"position\":2,\"name\":\"About us\"}]},{\"@type\":\"WebSite\",\"@id\":\"https:\\\/\\\/verlani.com\\\/#website\",\"url\":\"https:\\\/\\\/verlani.com\\\/\",\"name\":\"Verlani\",\"description\":\"\",\"alternateName\":\"Meble kuchenne Verlani\",\"potentialAction\":[{\"@type\":\"SearchAction\",\"target\":{\"@type\":\"EntryPoint\",\"urlTemplate\":\"https:\\\/\\\/verlani.com\\\/?s={search_term_string}\"},\"query-input\":{\"@type\":\"PropertyValueSpecification\",\"valueRequired\":true,\"valueName\":\"search_term_string\"}}],\"inLanguage\":\"de\"}]}<\/script>\n<!-- \/ Yoast SEO plugin. -->","yoast_head_json":{"title":"Meble VERLANI | Projektowanie i produkcja mebli kuchennych","description":"Studio mebli kuchennych wykonywanych na zam\u00f3wienie prowadzi salony w Szczecinie, Gorzowie oraz Stargardzie. Zapewniamy dopasowanie projektu do potrzeb Klient\u00f3w.","robots":{"index":"index","follow":"follow","max-snippet":"max-snippet:-1","max-image-preview":"max-image-preview:large","max-video-preview":"max-video-preview:-1"},"canonical":"https:\/\/verlani.com\/o-nas\/","og_locale":"de_DE","og_type":"article","og_title":"Meble VERLANI | Projektowanie i produkcja mebli kuchennych","og_description":"Studio mebli kuchennych wykonywanych na zam\u00f3wienie prowadzi salony w Szczecinie, Gorzowie oraz Stargardzie. Zapewniamy dopasowanie projektu do potrzeb Klient\u00f3w.","og_url":"https:\/\/verlani.com\/o-nas\/","og_site_name":"Verlani","article_modified_time":"2024-05-12T19:27:38+00:00","og_image":[{"width":1400,"height":235,"url":"https:\/\/verlani.com\/wp-content\/uploads\/2023\/01\/pageheader_1.jpg","type":"image\/jpeg"}],"twitter_card":"summary_large_image","schema":{"@context":"https:\/\/schema.org","@graph":[{"@type":"WebPage","@id":"https:\/\/verlani.com\/o-nas\/","url":"https:\/\/verlani.com\/o-nas\/","name":"Meble VERLANI | Projektowanie i produkcja mebli kuchennych","isPartOf":{"@id":"https:\/\/verlani.com\/#website"},"primaryImageOfPage":{"@id":"https:\/\/verlani.com\/o-nas\/#primaryimage"},"image":{"@id":"https:\/\/verlani.com\/o-nas\/#primaryimage"},"thumbnailUrl":"https:\/\/verlani.com\/wp-content\/uploads\/2023\/01\/pageheader_1.jpg","datePublished":"2022-10-06T14:53:12+00:00","dateModified":"2024-05-12T19:27:38+00:00","description":"Studio mebli kuchennych wykonywanych na zam\u00f3wienie prowadzi salony w Szczecinie, Gorzowie oraz Stargardzie. Zapewniamy dopasowanie projektu do potrzeb Klient\u00f3w.","breadcrumb":{"@id":"https:\/\/verlani.com\/o-nas\/#breadcrumb"},"inLanguage":"de","potentialAction":[{"@type":"ReadAction","target":["https:\/\/verlani.com\/o-nas\/"]}]},{"@type":"ImageObject","inLanguage":"de","@id":"https:\/\/verlani.com\/o-nas\/#primaryimage","url":"https:\/\/verlani.com\/wp-content\/uploads\/2023\/01\/pageheader_1.jpg","contentUrl":"https:\/\/verlani.com\/wp-content\/uploads\/2023\/01\/pageheader_1.jpg","width":1400,"height":235},{"@type":"BreadcrumbList","@id":"https:\/\/verlani.com\/o-nas\/#breadcrumb","itemListElement":[{"@type":"ListItem","position":1,"name":"Strona g\u0142\u00f3wna","item":"https:\/\/verlani.com\/"},{"@type":"ListItem","position":2,"name":"About us"}]},{"@type":"WebSite","@id":"https:\/\/verlani.com\/#website","url":"https:\/\/verlani.com\/","name":"Verlani","description":"","alternateName":"Meble kuchenne Verlani","potentialAction":[{"@type":"SearchAction","target":{"@type":"EntryPoint","urlTemplate":"https:\/\/verlani.com\/?s={search_term_string}"},"query-input":{"@type":"PropertyValueSpecification","valueRequired":true,"valueName":"search_term_string"}}],"inLanguage":"de"}]}},"_links":{"self":[{"href":"https:\/\/verlani.com\/de\/wp-json\/wp\/v2\/pages\/373","targetHints":{"allow":["GET"]}}],"collection":[{"href":"https:\/\/verlani.com\/de\/wp-json\/wp\/v2\/pages"}],"about":[{"href":"https:\/\/verlani.com\/de\/wp-json\/wp\/v2\/types\/page"}],"author":[{"embeddable":true,"href":"https:\/\/verlani.com\/de\/wp-json\/wp\/v2\/users\/1"}],"replies":[{"embeddable":true,"href":"https:\/\/verlani.com\/de\/wp-json\/wp\/v2\/comments?post=373"}],"version-history":[{"count":17,"href":"https:\/\/verlani.com\/de\/wp-json\/wp\/v2\/pages\/373\/revisions"}],"predecessor-version":[{"id":2783,"href":"https:\/\/verlani.com\/de\/wp-json\/wp\/v2\/pages\/373\/revisions\/2783"}],"wp:featuredmedia":[{"embeddable":true,"href":"https:\/\/verlani.com\/de\/wp-json\/wp\/v2\/media\/2140"}],"wp:attachment":[{"href":"https:\/\/verlani.com\/de\/wp-json\/wp\/v2\/media?parent=373"}],"curies":[{"name":"wp","href":"https:\/\/api.w.org\/{rel}","templated":true}]}}