{"id":375,"date":"2022-10-06T16:53:18","date_gmt":"2022-10-06T14:53:18","guid":{"rendered":"https:\/\/verlani.com\/?page_id=375"},"modified":"2025-04-09T11:49:13","modified_gmt":"2025-04-09T09:49:13","slug":"realizacje","status":"publish","type":"page","link":"https:\/\/verlani.com\/de\/realizacje\/","title":{"rendered":"Erkenntnisse"},"content":{"rendered":"<p class=\"qtranxs-available-languages-message qtranxs-available-languages-message-de\">Leider ist der Eintrag nur auf <a href=\"https:\/\/verlani.com\/pl\/wp-json\/wp\/v2\/pages\/375\" class=\"qtranxs-available-language-link qtranxs-available-language-link-pl\" title=\"Polski\">Polski<\/a> verf\u00fcgbar.<\/p>","protected":false},"excerpt":{"rendered":"<p>Leider ist der Eintrag nur auf Polski verf\u00fcgbar.<\/p>\n","protected":false},"author":1,"featured_media":2140,"parent":0,"menu_order":0,"comment_status":"closed","ping_status":"closed","template":"page-realizacje.php","meta":{"_acf_changed":false,"ngg_post_thumbnail":0,"footnotes":""},"class_list":["post-375","page","type-page","status-publish","has-post-thumbnail","hentry"],"acf":[],"yoast_head":"<!-- This site is optimized with the Yoast SEO plugin v27.3 - https:\/\/yoast.com\/product\/yoast-seo-wordpress\/ -->\n<title>Realizacje mebli na wymiar \u2013 estetyka wn\u0119trza i wygoda<\/title>\n<meta name=\"description\" content=\"Prezentujemy realizacje mebli na wymiar w Verlani. Zapewniamy, \u017ce ka\u017cdy projekt wykonujemy indywidualnie, uwzgl\u0119dniaj\u0105c potrzeby i wymagania Klient\u00f3w.\" \/>\n<meta name=\"robots\" content=\"index, follow, max-snippet:-1, max-image-preview:large, max-video-preview:-1\" \/>\n<link rel=\"canonical\" href=\"https:\/\/verlani.com\/realizacje\/\" \/>\n<meta property=\"og:locale\" content=\"de_DE\" \/>\n<meta property=\"og:type\" content=\"article\" \/>\n<meta property=\"og:title\" content=\"Realizacje mebli na wymiar \u2013 estetyka wn\u0119trza i wygoda\" \/>\n<meta property=\"og:description\" content=\"Prezentujemy realizacje mebli na wymiar w Verlani. Zapewniamy, \u017ce ka\u017cdy projekt wykonujemy indywidualnie, uwzgl\u0119dniaj\u0105c potrzeby i wymagania Klient\u00f3w.\" \/>\n<meta property=\"og:url\" content=\"https:\/\/verlani.com\/realizacje\/\" \/>\n<meta property=\"og:site_name\" content=\"Verlani\" \/>\n<meta property=\"article:modified_time\" content=\"2025-04-09T09:49:13+00:00\" \/>\n<meta property=\"og:image\" content=\"https:\/\/verlani.com\/wp-content\/uploads\/2023\/01\/pageheader_1.jpg\" \/>\n\t<meta property=\"og:image:width\" content=\"1400\" \/>\n\t<meta property=\"og:image:height\" content=\"235\" \/>\n\t<meta property=\"og:image:type\" content=\"image\/jpeg\" \/>\n<meta name=\"twitter:card\" content=\"summary_large_image\" \/>\n<script type=\"application\/ld+json\" class=\"yoast-schema-graph\">{\"@context\":\"https:\\\/\\\/schema.org\",\"@graph\":[{\"@type\":\"WebPage\",\"@id\":\"https:\\\/\\\/verlani.com\\\/realizacje\\\/\",\"url\":\"https:\\\/\\\/verlani.com\\\/realizacje\\\/\",\"name\":\"Realizacje mebli na wymiar \u2013 estetyka wn\u0119trza i wygoda\",\"isPartOf\":{\"@id\":\"https:\\\/\\\/verlani.com\\\/#website\"},\"primaryImageOfPage\":{\"@id\":\"https:\\\/\\\/verlani.com\\\/realizacje\\\/#primaryimage\"},\"image\":{\"@id\":\"https:\\\/\\\/verlani.com\\\/realizacje\\\/#primaryimage\"},\"thumbnailUrl\":\"https:\\\/\\\/verlani.com\\\/wp-content\\\/uploads\\\/2023\\\/01\\\/pageheader_1.jpg\",\"datePublished\":\"2022-10-06T14:53:18+00:00\",\"dateModified\":\"2025-04-09T09:49:13+00:00\",\"description\":\"Prezentujemy realizacje mebli na wymiar w Verlani. Zapewniamy, \u017ce ka\u017cdy projekt wykonujemy indywidualnie, uwzgl\u0119dniaj\u0105c potrzeby i wymagania Klient\u00f3w.\",\"breadcrumb\":{\"@id\":\"https:\\\/\\\/verlani.com\\\/realizacje\\\/#breadcrumb\"},\"inLanguage\":\"de\",\"potentialAction\":[{\"@type\":\"ReadAction\",\"target\":[\"https:\\\/\\\/verlani.com\\\/realizacje\\\/\"]}]},{\"@type\":\"ImageObject\",\"inLanguage\":\"de\",\"@id\":\"https:\\\/\\\/verlani.com\\\/realizacje\\\/#primaryimage\",\"url\":\"https:\\\/\\\/verlani.com\\\/wp-content\\\/uploads\\\/2023\\\/01\\\/pageheader_1.jpg\",\"contentUrl\":\"https:\\\/\\\/verlani.com\\\/wp-content\\\/uploads\\\/2023\\\/01\\\/pageheader_1.jpg\",\"width\":1400,\"height\":235},{\"@type\":\"BreadcrumbList\",\"@id\":\"https:\\\/\\\/verlani.com\\\/realizacje\\\/#breadcrumb\",\"itemListElement\":[{\"@type\":\"ListItem\",\"position\":1,\"name\":\"Strona g\u0142\u00f3wna\",\"item\":\"https:\\\/\\\/verlani.com\\\/\"},{\"@type\":\"ListItem\",\"position\":2,\"name\":\"Realizacje\"}]},{\"@type\":\"WebSite\",\"@id\":\"https:\\\/\\\/verlani.com\\\/#website\",\"url\":\"https:\\\/\\\/verlani.com\\\/\",\"name\":\"Verlani\",\"description\":\"\",\"alternateName\":\"Meble kuchenne Verlani\",\"potentialAction\":[{\"@type\":\"SearchAction\",\"target\":{\"@type\":\"EntryPoint\",\"urlTemplate\":\"https:\\\/\\\/verlani.com\\\/?s={search_term_string}\"},\"query-input\":{\"@type\":\"PropertyValueSpecification\",\"valueRequired\":true,\"valueName\":\"search_term_string\"}}],\"inLanguage\":\"de\"}]}<\/script>\n<!-- \/ Yoast SEO plugin. -->","yoast_head_json":{"title":"Realizacje mebli na wymiar \u2013 estetyka wn\u0119trza i wygoda","description":"Prezentujemy realizacje mebli na wymiar w Verlani. Zapewniamy, \u017ce ka\u017cdy projekt wykonujemy indywidualnie, uwzgl\u0119dniaj\u0105c potrzeby i wymagania Klient\u00f3w.","robots":{"index":"index","follow":"follow","max-snippet":"max-snippet:-1","max-image-preview":"max-image-preview:large","max-video-preview":"max-video-preview:-1"},"canonical":"https:\/\/verlani.com\/realizacje\/","og_locale":"de_DE","og_type":"article","og_title":"Realizacje mebli na wymiar \u2013 estetyka wn\u0119trza i wygoda","og_description":"Prezentujemy realizacje mebli na wymiar w Verlani. Zapewniamy, \u017ce ka\u017cdy projekt wykonujemy indywidualnie, uwzgl\u0119dniaj\u0105c potrzeby i wymagania Klient\u00f3w.","og_url":"https:\/\/verlani.com\/realizacje\/","og_site_name":"Verlani","article_modified_time":"2025-04-09T09:49:13+00:00","og_image":[{"width":1400,"height":235,"url":"https:\/\/verlani.com\/wp-content\/uploads\/2023\/01\/pageheader_1.jpg","type":"image\/jpeg"}],"twitter_card":"summary_large_image","schema":{"@context":"https:\/\/schema.org","@graph":[{"@type":"WebPage","@id":"https:\/\/verlani.com\/realizacje\/","url":"https:\/\/verlani.com\/realizacje\/","name":"Realizacje mebli na wymiar \u2013 estetyka wn\u0119trza i wygoda","isPartOf":{"@id":"https:\/\/verlani.com\/#website"},"primaryImageOfPage":{"@id":"https:\/\/verlani.com\/realizacje\/#primaryimage"},"image":{"@id":"https:\/\/verlani.com\/realizacje\/#primaryimage"},"thumbnailUrl":"https:\/\/verlani.com\/wp-content\/uploads\/2023\/01\/pageheader_1.jpg","datePublished":"2022-10-06T14:53:18+00:00","dateModified":"2025-04-09T09:49:13+00:00","description":"Prezentujemy realizacje mebli na wymiar w Verlani. Zapewniamy, \u017ce ka\u017cdy projekt wykonujemy indywidualnie, uwzgl\u0119dniaj\u0105c potrzeby i wymagania Klient\u00f3w.","breadcrumb":{"@id":"https:\/\/verlani.com\/realizacje\/#breadcrumb"},"inLanguage":"de","potentialAction":[{"@type":"ReadAction","target":["https:\/\/verlani.com\/realizacje\/"]}]},{"@type":"ImageObject","inLanguage":"de","@id":"https:\/\/verlani.com\/realizacje\/#primaryimage","url":"https:\/\/verlani.com\/wp-content\/uploads\/2023\/01\/pageheader_1.jpg","contentUrl":"https:\/\/verlani.com\/wp-content\/uploads\/2023\/01\/pageheader_1.jpg","width":1400,"height":235},{"@type":"BreadcrumbList","@id":"https:\/\/verlani.com\/realizacje\/#breadcrumb","itemListElement":[{"@type":"ListItem","position":1,"name":"Strona g\u0142\u00f3wna","item":"https:\/\/verlani.com\/"},{"@type":"ListItem","position":2,"name":"Realizacje"}]},{"@type":"WebSite","@id":"https:\/\/verlani.com\/#website","url":"https:\/\/verlani.com\/","name":"Verlani","description":"","alternateName":"Meble kuchenne Verlani","potentialAction":[{"@type":"SearchAction","target":{"@type":"EntryPoint","urlTemplate":"https:\/\/verlani.com\/?s={search_term_string}"},"query-input":{"@type":"PropertyValueSpecification","valueRequired":true,"valueName":"search_term_string"}}],"inLanguage":"de"}]}},"_links":{"self":[{"href":"https:\/\/verlani.com\/de\/wp-json\/wp\/v2\/pages\/375","targetHints":{"allow":["GET"]}}],"collection":[{"href":"https:\/\/verlani.com\/de\/wp-json\/wp\/v2\/pages"}],"about":[{"href":"https:\/\/verlani.com\/de\/wp-json\/wp\/v2\/types\/page"}],"author":[{"embeddable":true,"href":"https:\/\/verlani.com\/de\/wp-json\/wp\/v2\/users\/1"}],"replies":[{"embeddable":true,"href":"https:\/\/verlani.com\/de\/wp-json\/wp\/v2\/comments?post=375"}],"version-history":[{"count":5,"href":"https:\/\/verlani.com\/de\/wp-json\/wp\/v2\/pages\/375\/revisions"}],"predecessor-version":[{"id":2998,"href":"https:\/\/verlani.com\/de\/wp-json\/wp\/v2\/pages\/375\/revisions\/2998"}],"wp:featuredmedia":[{"embeddable":true,"href":"https:\/\/verlani.com\/de\/wp-json\/wp\/v2\/media\/2140"}],"wp:attachment":[{"href":"https:\/\/verlani.com\/de\/wp-json\/wp\/v2\/media?parent=375"}],"curies":[{"name":"wp","href":"https:\/\/api.w.org\/{rel}","templated":true}]}}